{"id":1070,"date":"2018-06-05T14:56:11","date_gmt":"2018-06-05T12:56:11","guid":{"rendered":"http:\/\/localhost\/Bitbucket\/dechert_bluemig\/?page_id=1070"},"modified":"2020-07-09T10:52:48","modified_gmt":"2020-07-09T08:52:48","slug":"musterformulare","status":"publish","type":"page","link":"https:\/\/www.dechertbluemig.de\/index.php\/musterformulare\/","title":{"rendered":"Musterformulare"},"content":{"rendered":"<div id=\"pl-1070\"  class=\"panel-layout\" ><div id=\"pg-1070-0\"  class=\"panel-grid panel-no-style\" ><div id=\"pgc-1070-0-0\"  class=\"panel-grid-cell\" ><div id=\"panel-1070-0-0-0\" class=\"so-panel widget widget_gyse-wpm-headline-subheadline-text panel-first-child\" data-index=\"0\" ><div\n\t\t\t\n\t\t\tclass=\"so-widget-gyse-wpm-headline-subheadline-text so-widget-gyse-wpm-headline-subheadline-text-gyse-wpm-headline-subheadline-text-style-d75171398898-1070\"\n\t\t\t\n\t\t><div class=\"gyse-so-widget primary-color\">\n\t<div class=\"so-widget-headline-subheadline-text\">\n\t\t<div class=\"grid-container padding \">\n\t\t\t<div class=\"grid-x grid-padding-x grid-margin-x text-left\">\n\t\t\t\t<div class=\"cell\">\n\t\t\t\t\t<h1>Formulare<\/h1>\t\t\t\t\t<h2>Hier finden Sie alles, was sie brauchen<\/h2>\t\t\t\t\t\t\t\t\t<\/div>\n\t\t\t<\/div>\n\t\t<\/div>\n\t<\/div>\n<\/div>\n<\/div><\/div><div id=\"panel-1070-0-0-1\" class=\"so-panel widget widget_gyse-wpm-file-section panel-last-child\" data-index=\"1\" ><div\n\t\t\t\n\t\t\tclass=\"so-widget-gyse-wpm-file-section so-widget-gyse-wpm-file-section-gyse-wpm-file-section-style-d75171398898-1070\"\n\t\t\t\n\t\t>\n<div class=\"gyse-so-widget primary-color\">\n\t<div class=\"so-widget-file-section\">\n\t\t<div class=\"grid-container padding\">\n\t\t\t<div class=\"grid-x grid-margin-x grid-padding-x\">\n\t\t\t\t<div class=\"cell\"><div class=\"file-section\"><h2>Mieterselbstauskunft <span class=\"hide-for-small-only\">|<\/span><\/h2><p> Mieterselbstauskunft.pdf<\/p><div class=\"file-section-download\"><a target=\"_blank\" href=\"https:\/\/www.dechertbluemig.de\/wp-content\/uploads\/2020\/07\/Mieterselbstauskunft.pdf\">\n\t\t\t\t\t\t\t\t<span>Download<\/span>\n\t\t\t\t\t\t\t\t<i class=\"fi-download\"><\/i>\n\t\t\t\t\t\t\t<\/a><\/div><\/div><\/div><div class=\"cell\"><div class=\"file-section\"><h2>Mieterwechsel <span class=\"hide-for-small-only\">|<\/span><\/h2><p> Mieterwechsel_Info_WEG.pdf<\/p><div class=\"file-section-download\"><a target=\"_blank\" href=\"https:\/\/www.dechertbluemig.de\/wp-content\/uploads\/2020\/07\/Mieterwechsel_Info_WEG.pdf\">\n\t\t\t\t\t\t\t\t<span>Download<\/span>\n\t\t\t\t\t\t\t\t<i class=\"fi-download\"><\/i>\n\t\t\t\t\t\t\t<\/a><\/div><\/div><\/div><div class=\"cell\"><div class=\"file-section\"><h2>Wohnungsgeberbest\u00e4tigung <span class=\"hide-for-small-only\">|<\/span><\/h2><p> Wohnnungsgeberbescheinigung_Stadt_Gie\u00dfen.pdf<\/p><div class=\"file-section-download\"><a target=\"_blank\" href=\"https:\/\/www.dechertbluemig.de\/wp-content\/uploads\/2019\/02\/Wohnnungsgeberbescheinigung_Stadt_Gie\u00dfen.pdf\">\n\t\t\t\t\t\t\t\t<span>Download<\/span>\n\t\t\t\t\t\t\t\t<i class=\"fi-download\"><\/i>\n\t\t\t\t\t\t\t<\/a><\/div><\/div><\/div><div class=\"cell\"><div class=\"file-section\"><h2>\u00dcbergabeprotokoll <span class=\"hide-for-small-only\">|<\/span><\/h2><p> \u00dcbergabeprotokoll_3-4_ZKB.pdf<\/p><div class=\"file-section-download\"><a target=\"_blank\" href=\"https:\/\/www.dechertbluemig.de\/wp-content\/uploads\/2019\/02\/\u00dcbergabeprotokoll_3-4_ZKB.pdf\">\n\t\t\t\t\t\t\t\t<span>Download<\/span>\n\t\t\t\t\t\t\t\t<i class=\"fi-download\"><\/i>\n\t\t\t\t\t\t\t<\/a><\/div><\/div><\/div>\n\t\t\t<\/div>\n\t\t<\/div>\n\t<\/div>\n<\/div><\/div><\/div><\/div><\/div><\/div>","protected":false},"excerpt":{"rendered":"<p>Formulare Hier finden Sie alles, was sie brauchen Mieterselbstauskunft | Mieterselbstauskunft.pdf Download Mieterwechsel | Mieterwechsel_Info_WEG.pdf Download Wohnungsgeberbest\u00e4tigung | Wohnnungsgeberbescheinigung_Stadt_Gie\u00dfen.pdf Download \u00dcbergabeprotokoll | \u00dcbergabeprotokoll_3-4_ZKB.pdf Download<\/p>\n","protected":false},"author":1,"featured_media":2601,"parent":0,"menu_order":0,"comment_status":"closed","ping_status":"closed","template":"page-templates\/page-full-width.php","meta":{"_acf_changed":false,"footnotes":""},"class_list":["post-1070","page","type-page","status-publish","has-post-thumbnail","hentry"],"acf":[],"aioseo_notices":[],"_links":{"self":[{"href":"https:\/\/www.dechertbluemig.de\/index.php\/wp-json\/wp\/v2\/pages\/1070","targetHints":{"allow":["GET"]}}],"collection":[{"href":"https:\/\/www.dechertbluemig.de\/index.php\/wp-json\/wp\/v2\/pages"}],"about":[{"href":"https:\/\/www.dechertbluemig.de\/index.php\/wp-json\/wp\/v2\/types\/page"}],"author":[{"embeddable":true,"href":"https:\/\/www.dechertbluemig.de\/index.php\/wp-json\/wp\/v2\/users\/1"}],"replies":[{"embeddable":true,"href":"https:\/\/www.dechertbluemig.de\/index.php\/wp-json\/wp\/v2\/comments?post=1070"}],"version-history":[{"count":46,"href":"https:\/\/www.dechertbluemig.de\/index.php\/wp-json\/wp\/v2\/pages\/1070\/revisions"}],"predecessor-version":[{"id":2747,"href":"https:\/\/www.dechertbluemig.de\/index.php\/wp-json\/wp\/v2\/pages\/1070\/revisions\/2747"}],"wp:featuredmedia":[{"embeddable":true,"href":"https:\/\/www.dechertbluemig.de\/index.php\/wp-json\/wp\/v2\/media\/2601"}],"wp:attachment":[{"href":"https:\/\/www.dechertbluemig.de\/index.php\/wp-json\/wp\/v2\/media?parent=1070"}],"curies":[{"name":"wp","href":"https:\/\/api.w.org\/{rel}","templated":true}]}}