{"id":1351,"date":"2018-06-11T12:02:34","date_gmt":"2018-06-11T10:02:34","guid":{"rendered":"http:\/\/localhost\/Bitbucket\/dechert_bluemig\/?page_id=1351"},"modified":"2024-03-22T15:39:17","modified_gmt":"2024-03-22T14:39:17","slug":"verwaltung","status":"publish","type":"page","link":"https:\/\/www.dechertbluemig.de\/","title":{"rendered":"Willkommen bei Ihrer Hausverwaltung"},"content":{"rendered":"<div id=\"pl-1351\"  class=\"panel-layout\" ><div id=\"pg-1351-0\"  class=\"panel-grid panel-no-style\" ><div id=\"pgc-1351-0-0\"  class=\"panel-grid-cell\" ><div id=\"panel-1351-0-0-0\" class=\"so-panel widget widget_gyse-wpm-headline-subheadline-text panel-first-child\" data-index=\"0\" ><div\n\t\t\t\n\t\t\tclass=\"so-widget-gyse-wpm-headline-subheadline-text so-widget-gyse-wpm-headline-subheadline-text-gyse-wpm-headline-subheadline-text-style-d75171398898-1351\"\n\t\t\t\n\t\t><div class=\"gyse-so-widget primary-color\">\n\t<div class=\"so-widget-headline-subheadline-text\">\n\t\t<div class=\"grid-container padding \">\n\t\t\t<div class=\"grid-x grid-padding-x grid-margin-x text-left\">\n\t\t\t\t<div class=\"cell\">\n\t\t\t\t\t<h1>Ihre Immobilienverwaltung vor Ort<\/h1>\t\t\t\t\t<h2>Mit Engagement f\u00fcr Ihre Ziele <\/h2>\t\t\t\t\t<p>Wir stehen f\u00fcr kompetente und seri\u00f6se Immobilienverwaltung in den Regionen Gie\u00dfen und Rhein-Main - seit mehr als 25 Jahren. Als inhabergef\u00fchrtes Unternehmen wissen wir, worauf es dabei ankommt: Auf Ihr Vertrauen -\u00a0als Basis f\u00fcr eine langfristig angelegte Kundenbeziehung.<\/p>\n<p>Deshalb sch\u00e4tzen wir den pers\u00f6nlichen Kontakt und orientieren uns schon aus Prinzip an Ihren W\u00fcnschen. Unsere jahrzehntelange Erfahrung hat uns dabei ein Gesp\u00fcr f\u00fcr die Bed\u00fcrfnisse unserer Kunden und die Entwicklungen in der Branche gegeben.<\/p>\n<p><b>Wir freuen uns auf die Zusammenarbeit mit Ihnen!<\/b><br \/>\n<img loading=\"lazy\" decoding=\"async\" class=\" wp-image-2751 alignleft\" src=\"https:\/\/www.dechertbluemig.de\/wp-content\/uploads\/2020\/07\/VDIVH_Logo_S-300x165.png\" alt=\"\" width=\"310\" height=\"161\" \/><img loading=\"lazy\" decoding=\"async\" class=\"wp-image-2790 alignleft\" src=\"https:\/\/www.dechertbluemig.de\/wp-content\/uploads\/2023\/09\/Immobilienverband-IVD-Logo.jpg\" alt=\"\" width=\"159\" height=\"144\" \/><iframe loading=\"lazy\" style=\"overflow: hidden; float: left;\" src=\"\/\/widget.immobilienscout24.de\/anbieter\/bewertung\/cd0d3ef5ebba05fbcfb97c928eae5134\" width=\"190\" height=\"160\" frameborder=\"0\" marginwidth=\"0\" marginheight=\"0\"><\/iframe><\/p>\n<div class=\"alignleft\" style=\"width: 350px; margin-left: 20px;\"><strong><span style=\"font-size: 20px; margin-bottom: 20px;\">Zertifizierter Verwalter nach<br \/>\n\u00a7 26a WEG i.V.m. \u00a7 8 ZertVerwV<\/span><\/strong><br \/><a href=\"https:\/\/www.dechertbluemig.de\/wp-content\/uploads\/2024\/03\/Zertifikat_\u00a726a_WEG.pdf\" target=\"_blank\" rel=\"noopener\"><u>Zu den Zertifikaten<\/u><\/a><\/div>\n\t\t\t\t<\/div>\n\t\t\t<\/div>\n\t\t<\/div>\n\t<\/div>\n<\/div>\n<\/div><\/div><div id=\"panel-1351-0-0-1\" class=\"so-panel widget widget_gyse-wpm-diagonal-separator\" data-index=\"1\" ><div\n\t\t\t\n\t\t\tclass=\"so-widget-gyse-wpm-diagonal-separator so-widget-gyse-wpm-diagonal-separator-gyse-wpm-diagonal-separator-style-d75171398898-1351\"\n\t\t\t\n\t\t><div class=\"gyse-so-widget secondary-color\">\n\t<div class=\"so-widget-diagonal-separator\"><\/div>\n<\/div><\/div><\/div><div id=\"panel-1351-0-0-2\" class=\"so-panel widget widget_gyse-wpm-round-image-teaser\" data-index=\"2\" ><div\n\t\t\t\n\t\t\tclass=\"so-widget-gyse-wpm-round-image-teaser so-widget-gyse-wpm-round-image-teaser-gyse-wpm-round-image-teaser-style-d75171398898-1351\"\n\t\t\t\n\t\t>\n<div class=\"gyse-so-widget secondary-color\">\n\t<div class=\"so-widget-round-image-teaser\">\n\t\t<div class=\"grid-container padding\">\n\t\t\t<div class=\"grid-x grid-margin-x grid-padding-x grid-margin-y\">\n\t\t\t\t\t\t\t\t<div class=\"small-12 medium-6 large-4 cell text-center\">\n\t\t\t\t\t<img decoding=\"async\" src=\"https:\/\/www.dechertbluemig.de\/wp-content\/uploads\/2019\/02\/d-b_ansprechpartner.jpg\" \/><h2>Ihre vertrauten<br \/>Ansprechpartner<\/h2><p><p>Wir setzen deshalb schon immer auf eine vertrauensvolle und zuverl\u00e4ssige Arbeitsweise mit unseren Kunden. Denn nur so konnten wir unsere langj\u00e4hrigen Kundenbindungen aufbauen. Dabei setzen wir auch auf die pers\u00f6nliche Betreuung durch unsere Gesch\u00e4ftsf\u00fchrer.<\/p>\n<\/p>\t\t\t\t<\/div>\n\t\t\t\t\t\t\t\t<div class=\"small-12 medium-6 large-4 cell text-center\">\n\t\t\t\t\t<img decoding=\"async\" src=\"https:\/\/www.dechertbluemig.de\/wp-content\/uploads\/2019\/02\/d-b_zufriedenheit.jpg\" \/><h2>Ihre Zufriedenheit<br \/>liegt uns am Herzen<\/h2><p><p>Wir garantieren Ihnen eine auf Sie abgestimmte sachkundige Verwaltungsleistung durch die Erfahrung und gute Ausbildung der Gesch\u00e4ftsf\u00fchrer und Mitarbeiter, die immer flexibel und engagiert auf Ihre W\u00fcnsche reagieren werden. Und das zu fairen und transparenten Konditionen.<\/p>\n<\/p>\t\t\t\t<\/div>\n\t\t\t\t\t\t\t\t<div class=\"small-12 medium-6 large-4 cell text-center\">\n\t\t\t\t\t<img decoding=\"async\" src=\"https:\/\/www.dechertbluemig.de\/wp-content\/uploads\/2019\/02\/d-b_in_guten_haenden.jpg\" \/><h2>Ihre Immobilie<br \/>in guten H\u00e4nden<\/h2><p><p>Wir sorgen f\u00fcr eine qualitativ hochwertige Leistungserbringung in allen Bereichen der Hausverwaltung - durch unser exzellentes Netzwerk von kompetenten Dienstleistern (wie z.B. Fachingenieure, Elektriker, Installateure, Landschaftsg\u00e4rtner). Wir kennen die Region und wissen, mit wem wir reden m\u00fcssen. Ein klarer Vorteil f\u00fcr Sie! Ganz gleich, um welches Anliegen es sich handelt.<\/p>\n<\/p>\t\t\t\t<\/div>\n\t\t\t\t\t\t\t<\/div>\n\t\t<\/div>\n\t<\/div>\n<\/div><\/div><\/div><div id=\"panel-1351-0-0-3\" class=\"so-panel widget widget_gyse-wpm-headline-subheadline-text\" data-index=\"3\" ><div class=\"no-padding-bottom panel-widget-style panel-widget-style-for-1351-0-0-3\" ><div\n\t\t\t\n\t\t\tclass=\"so-widget-gyse-wpm-headline-subheadline-text so-widget-gyse-wpm-headline-subheadline-text-gyse-wpm-headline-subheadline-text-style-d75171398898-1351\"\n\t\t\t\n\t\t><div class=\"gyse-so-widget light-color\">\n\t<div class=\"so-widget-headline-subheadline-text\">\n\t\t<div class=\"grid-container no-padding \">\n\t\t\t<div class=\"grid-x grid-padding-x grid-margin-x text-left\">\n\t\t\t\t<div class=\"cell\">\n\t\t\t\t\t<h1>Mieten<\/h1>\t\t\t\t\t\t\t\t\t\t\t\t\t\t<\/div>\n\t\t\t<\/div>\n\t\t<\/div>\n\t<\/div>\n<\/div>\n<\/div><\/div><\/div><div id=\"panel-1351-0-0-4\" class=\"so-panel widget widget_gyse-wpm-estate-advertisement\" data-index=\"4\" ><div\n\t\t\t\n\t\t\tclass=\"so-widget-gyse-wpm-estate-advertisement so-widget-gyse-wpm-estate-advertisement-gyse-wpm-estate-advertisement-style-d75171398898-1351\"\n\t\t\t\n\t\t>\n\n<div class=\"gyse-so-widget primary-color\">\n  <div class=\"so-widget-estate-ad\">\n\n              <div class=\"grid-container no-padding\">\n            <div class=\"grid-x grid-margin-x grid-margin-y grid-padding-x\">\n                                    <div class=\"cell small-12 medium-6 large-4\"><div class=\"card\"><img decoding=\"async\" src=\"https:\/\/pictures.immobilienscout24.de\/listings\/60861a39-e96c-4b0d-9ac3-fbabf658fe5c-2011285258.jpg\/ORIG\/legacy_thumbnail\/400x250\/format\/jpg\" \/><div class=\"estate-short-descr\"><h3>Gro\u00dfz\u00fcgige 4-Zimmer-Erdgeschoss-Wohnung in Wetzlar<\/h3><span>Magdalenenh\u00e4user Weg 13, 35578 Wetzlar<\/span><\/div><div class=\"estate-long-descr\"><p>4 ZKB Zimmer<\/p><p>Wohnfl\u00e4che: 124 m<sup>2<\/sup><\/p><p>Mietpreis: 900 Euro<\/p><a href=\"https:\/\/www.immobilienscout24.de\/expose\/166676477#\/\"class=\"button\" target=\"_blank\">Mehr erfahren<\/a><\/div><\/div><\/div>                                        <div class=\"cell small-12 medium-6 large-4\"><div class=\"card\"><img decoding=\"async\" src=\"https:\/\/pictures.immobilienscout24.de\/listings\/986c9af0-200b-4136-83c9-def45918ec31-1998192908.jpg\/ORIG\/legacy_thumbnail\/400x250\/format\/jpg\" \/><div class=\"estate-short-descr\"><h3>Ihre neue gem\u00fctliche 3-Zimmer-Wohnung mit Dachterrasse in Wetzlar<\/h3><span>Magdalenenh\u00e4user Weg 15, 35578 Wetzlar<\/span><\/div><div class=\"estate-long-descr\"><p>3 ZKB Zimmer<\/p><p>Wohnfl\u00e4che: 73 m<sup>2<\/sup><\/p><p>Mietpreis: 700 Euro<\/p><a href=\"https:\/\/www.immobilienscout24.de\/expose\/166057656#\/\"class=\"button\" target=\"_blank\">Mehr erfahren<\/a><\/div><\/div><\/div>                                        <div class=\"cell small-12 medium-6 large-4\"><div class=\"card\"><img decoding=\"async\" src=\"https:\/\/pictures.immobilienscout24.de\/listings\/f5f2b716-872f-4b4b-b7c8-d4c9e1f7aa8b-2005063503.jpeg\/ORIG\/legacy_thumbnail\/400x250\/format\/jpg\" \/><div class=\"estate-short-descr\"><h3>Gepflegte 3-Zimmer-Wohnung mit Dachterrasse in Wetzlar<\/h3><span>Magdalenenh\u00e4user Weg 13, 35578 Wetzlar<\/span><\/div><div class=\"estate-long-descr\"><p>3 ZKB Zimmer<\/p><p>Wohnfl\u00e4che: 72 m<sup>2<\/sup><\/p><p>Mietpreis: 700 Euro<\/p><a href=\"https:\/\/www.immobilienscout24.de\/expose\/166445124#\/\"class=\"button\" target=\"_blank\">Mehr erfahren<\/a><\/div><\/div><\/div>                                                                                                                                                        <div class=\"cell small-12 medium-6 large-4 no-border\"><\/div>            <\/div>\n          <\/div>\n            <\/div>\n<\/div>\n<\/div><\/div><div id=\"panel-1351-0-0-5\" class=\"so-panel widget widget_gyse-wpm-special-button panel-last-child\" data-index=\"5\" ><div\n\t\t\t\n\t\t\tclass=\"so-widget-gyse-wpm-special-button so-widget-gyse-wpm-special-button-gyse-wpm-special-button-widget-style-d75171398898-1351\"\n\t\t\t\n\t\t>     <div class=\"gyse-so-widget standard-color\">\n    <div class=\"so-widget-special-button\">\n      <div class=\"grid-container padding\">\n        <div class=\"grid-x grid-padding-x grid-margin-x align-center\">\n          <div class=\"cell expand\">\n           <a href=\"https:\/\/www.dechertbluemig.de\/index.php\/vermieten\/privat\/\" class=\"button special-button\">Weitere Immobilien<\/a>\n          <\/div>\n        <\/div>\n      <\/div>\n    <\/div>\n  <\/div>\n<\/div><\/div><\/div><\/div><\/div>","protected":false},"excerpt":{"rendered":"<p>Ihre Immobilienverwaltung vor Ort Mit Engagement f\u00fcr Ihre Ziele Wir stehen f\u00fcr kompetente und seri\u00f6se Immobilienverwaltung in den Regionen Gie\u00dfen und Rhein-Main &#8211; seit mehr als 25 Jahren. Als inhabergef\u00fchrtes Unternehmen wissen wir, worauf es dabei ankommt: Auf Ihr Vertrauen &#8211;\u00a0als Basis f\u00fcr eine langfristig angelegte Kundenbeziehung. Deshalb sch\u00e4tzen wir den pers\u00f6nlichen Kontakt und orientieren [&hellip;]<\/p>\n","protected":false},"author":1,"featured_media":2591,"parent":0,"menu_order":0,"comment_status":"closed","ping_status":"closed","template":"page-templates\/page-full-width.php","meta":{"_acf_changed":false,"footnotes":""},"class_list":["post-1351","page","type-page","status-publish","has-post-thumbnail","hentry"],"acf":[],"aioseo_notices":[],"_links":{"self":[{"href":"https:\/\/www.dechertbluemig.de\/index.php\/wp-json\/wp\/v2\/pages\/1351","targetHints":{"allow":["GET"]}}],"collection":[{"href":"https:\/\/www.dechertbluemig.de\/index.php\/wp-json\/wp\/v2\/pages"}],"about":[{"href":"https:\/\/www.dechertbluemig.de\/index.php\/wp-json\/wp\/v2\/types\/page"}],"author":[{"embeddable":true,"href":"https:\/\/www.dechertbluemig.de\/index.php\/wp-json\/wp\/v2\/users\/1"}],"replies":[{"embeddable":true,"href":"https:\/\/www.dechertbluemig.de\/index.php\/wp-json\/wp\/v2\/comments?post=1351"}],"version-history":[{"count":206,"href":"https:\/\/www.dechertbluemig.de\/index.php\/wp-json\/wp\/v2\/pages\/1351\/revisions"}],"predecessor-version":[{"id":2821,"href":"https:\/\/www.dechertbluemig.de\/index.php\/wp-json\/wp\/v2\/pages\/1351\/revisions\/2821"}],"wp:featuredmedia":[{"embeddable":true,"href":"https:\/\/www.dechertbluemig.de\/index.php\/wp-json\/wp\/v2\/media\/2591"}],"wp:attachment":[{"href":"https:\/\/www.dechertbluemig.de\/index.php\/wp-json\/wp\/v2\/media?parent=1351"}],"curies":[{"name":"wp","href":"https:\/\/api.w.org\/{rel}","templated":true}]}}