{"id":1393,"date":"2018-06-11T14:18:46","date_gmt":"2018-06-11T12:18:46","guid":{"rendered":"http:\/\/localhost\/Bitbucket\/dechert_bluemig\/?page_id=1393"},"modified":"2019-02-25T10:51:40","modified_gmt":"2019-02-25T09:51:40","slug":"geschichte","status":"publish","type":"page","link":"https:\/\/www.dechertbluemig.de\/index.php\/unternehmen\/geschichte\/","title":{"rendered":"Geschichte"},"content":{"rendered":"<div id=\"pl-1393\"  class=\"panel-layout\" ><div id=\"pg-1393-0\"  class=\"panel-grid panel-no-style\" ><div id=\"pgc-1393-0-0\"  class=\"panel-grid-cell\" ><div id=\"panel-1393-0-0-0\" class=\"so-panel widget widget_gyse-wpm-headline-subheadline-text panel-first-child\" data-index=\"0\" ><div\n\t\t\t\n\t\t\tclass=\"so-widget-gyse-wpm-headline-subheadline-text so-widget-gyse-wpm-headline-subheadline-text-gyse-wpm-headline-subheadline-text-style-d75171398898-1393\"\n\t\t\t\n\t\t><div class=\"gyse-so-widget primary-color\">\n\t<div class=\"so-widget-headline-subheadline-text\">\n\t\t<div class=\"grid-container padding extrapadding\">\n\t\t\t<div class=\"grid-x grid-padding-x grid-margin-x text-left\">\n\t\t\t\t<div class=\"cell\">\n\t\t\t\t\t<h1>Unsere Geschichte<\/h1>\t\t\t\t\t<h2>Tradition<\/h2>\t\t\t\t\t<p>Die Immobilienverwaltung Dechert &amp; Bl\u00fcmig GmbH ist ein inhabergef\u00fchrtes Unternehmen mit \u00fcber 25 Jahren Erfahrung in den Gesch\u00e4ftsfeldern der Mietverwaltung (Gewerbe &amp; Wohnen) und WEG-Verwaltung. Dabei legen wir Wert auf langj\u00e4hrig konstante Ansprechpartner, die Ihnen bei all Ihren Fragen kompetent Rede und Antwort stehen.<span class=\"Apple-converted-space\">\u00a0<\/span><\/p>\n\t\t\t\t<\/div>\n\t\t\t<\/div>\n\t\t<\/div>\n\t<\/div>\n<\/div>\n<\/div><\/div><div id=\"panel-1393-0-0-1\" class=\"so-panel widget widget_gyse-wpm-large-image\" data-index=\"1\" ><div\n\t\t\t\n\t\t\tclass=\"so-widget-gyse-wpm-large-image so-widget-gyse-wpm-large-image-gyse-wpm-large-image-style-d75171398898-1393\"\n\t\t\t\n\t\t>\n<div class=\"gyse-so-widget \">\n\t<div class=\"so-widget-large-image\">\n\t\t<div class=\"grid-container \">\n\t\t\t<div class=\"grid-x grid-margin-x grid-padding-x grid-padding-y\">\n\t\t\t\t<div class=\"cell small-12\">\n\t\t\t\t\t<img decoding=\"async\" src=\"https:\/\/www.dechertbluemig.de\/wp-content\/uploads\/2019\/02\/d-b_unternehmen.jpg\" \/>\t\t\t\t<\/div>\n\t\t\t<\/div>\n\t\t<\/div>\n\t<\/div>\n<\/div>\n\n<\/div><\/div><div id=\"panel-1393-0-0-2\" class=\"so-panel widget widget_gyse-wpm-headline-subheadline-text\" data-index=\"2\" ><div\n\t\t\t\n\t\t\tclass=\"so-widget-gyse-wpm-headline-subheadline-text so-widget-gyse-wpm-headline-subheadline-text-gyse-wpm-headline-subheadline-text-style-d75171398898-1393\"\n\t\t\t\n\t\t><div class=\"gyse-so-widget primary-color\">\n\t<div class=\"so-widget-headline-subheadline-text\">\n\t\t<div class=\"grid-container padding \">\n\t\t\t<div class=\"grid-x grid-padding-x grid-margin-x text-left\">\n\t\t\t\t<div class=\"cell\">\n\t\t\t\t\t<h1>In Jahreszahlen<\/h1>\t\t\t\t\t\t\t\t\t\t\t\t\t\t<\/div>\n\t\t\t<\/div>\n\t\t<\/div>\n\t<\/div>\n<\/div>\n<\/div><\/div><div id=\"panel-1393-0-0-3\" class=\"so-panel widget widget_gyse-wpm-historic-time-section panel-last-child\" data-index=\"3\" ><div\n\t\t\t\n\t\t\tclass=\"so-widget-gyse-wpm-historic-time-section so-widget-gyse-wpm-historic-time-section-gyse-wpm-historic-time-section-style-d75171398898-1393\"\n\t\t\t\n\t\t>\n<div class=\"gyse-so-widget primary-color\">\n\t<div class=\"so-widget-historic-time-section\">\n\t\t<div class=\"grid-container padding\">\n\t\t\t<div class=\"grid-x grid-padding-x grid-margin-x align-middle align-center grid-padding-y \">\n\t\t\t\t<div class=\"cell circlecontainer small-12 semi_medium-3\"><div class=\"circle\"><h1 class=\"circletext\">2019<\/h1><\/div><\/div><div class=\"cell content small-12 semi_medium-9\"><p><p>Umzug in die neuen B\u00fcror\u00e4ume in der Lahnstra\u00dfe 15 in\u00a0Gie\u00dfen<\/p>\n<\/p><\/div><div class=\"cell circlecontainer small-12 semi_medium-3\"><div class=\"circle\"><h1 class=\"circletext\">2018<\/h1><\/div><\/div><div class=\"cell content small-12 semi_medium-9\"><p><p>Mit dem Eintritt von Markus Fischer in den Gesellschafter- und Gesch\u00e4ftsf\u00fchrerkreis ist der Generationswechsel vollzogen<\/p>\n<\/p><\/div><div class=\"cell circlecontainer small-12 semi_medium-3\"><div class=\"circle\"><h1 class=\"circletext\">2011<\/h1><\/div><\/div><div class=\"cell content small-12 semi_medium-9\"><p><p>Ulrich Lumper leitet mit seinem Eintritt als Gesellschafter und Gesch\u00e4ftsf\u00fchrer den Generationswechsel ein<\/p>\n<\/p><\/div><div class=\"cell circlecontainer small-12 semi_medium-3\"><div class=\"circle\"><h1 class=\"circletext\">1996<\/h1><\/div><\/div><div class=\"cell content small-12 semi_medium-9\"><p><p>Wegen des Wachstums erfolgt der Umzug in die neuen B\u00fcror\u00e4umlichkeiten in der Georg-Schlosser-Str. 6 in Gie\u00dfen<\/p>\n<\/p><\/div><div class=\"cell circlecontainer small-12 semi_medium-3\"><div class=\"circle\"><h1 class=\"circletext\">1992<\/h1><\/div><\/div><div class=\"cell content small-12 semi_medium-9\"><p><p>Doris Dechert und Peter Bl\u00fcmig gr\u00fcnden die Immobilienverwaltung Dechert &amp; Bl\u00fcmig GmbH in der Lindengasse 3 in Gie\u00dfen und starten in die Selbst\u00e4ndigkeit<\/p>\n<\/p><\/div>\t\t\t<\/div>\n\t\t<\/div>\n\t<\/div>\n<\/div>\n\n<\/div><\/div><\/div><\/div><\/div>","protected":false},"excerpt":{"rendered":"<p>Unsere Geschichte Tradition Die Immobilienverwaltung Dechert &amp; Bl\u00fcmig GmbH ist ein inhabergef\u00fchrtes Unternehmen mit \u00fcber 25 Jahren Erfahrung in den Gesch\u00e4ftsfeldern der Mietverwaltung (Gewerbe &amp; Wohnen) und WEG-Verwaltung. Dabei legen wir Wert auf langj\u00e4hrig konstante Ansprechpartner, die Ihnen bei all Ihren Fragen kompetent Rede und Antwort stehen.\u00a0 In Jahreszahlen 2019Umzug in die neuen B\u00fcror\u00e4ume in [&hellip;]<\/p>\n","protected":false},"author":1,"featured_media":2651,"parent":1074,"menu_order":0,"comment_status":"closed","ping_status":"closed","template":"page-templates\/page-full-width.php","meta":{"_acf_changed":false,"footnotes":""},"class_list":["post-1393","page","type-page","status-publish","has-post-thumbnail","hentry"],"acf":[],"aioseo_notices":[],"_links":{"self":[{"href":"https:\/\/www.dechertbluemig.de\/index.php\/wp-json\/wp\/v2\/pages\/1393","targetHints":{"allow":["GET"]}}],"collection":[{"href":"https:\/\/www.dechertbluemig.de\/index.php\/wp-json\/wp\/v2\/pages"}],"about":[{"href":"https:\/\/www.dechertbluemig.de\/index.php\/wp-json\/wp\/v2\/types\/page"}],"author":[{"embeddable":true,"href":"https:\/\/www.dechertbluemig.de\/index.php\/wp-json\/wp\/v2\/users\/1"}],"replies":[{"embeddable":true,"href":"https:\/\/www.dechertbluemig.de\/index.php\/wp-json\/wp\/v2\/comments?post=1393"}],"version-history":[{"count":74,"href":"https:\/\/www.dechertbluemig.de\/index.php\/wp-json\/wp\/v2\/pages\/1393\/revisions"}],"predecessor-version":[{"id":2681,"href":"https:\/\/www.dechertbluemig.de\/index.php\/wp-json\/wp\/v2\/pages\/1393\/revisions\/2681"}],"up":[{"embeddable":true,"href":"https:\/\/www.dechertbluemig.de\/index.php\/wp-json\/wp\/v2\/pages\/1074"}],"wp:featuredmedia":[{"embeddable":true,"href":"https:\/\/www.dechertbluemig.de\/index.php\/wp-json\/wp\/v2\/media\/2651"}],"wp:attachment":[{"href":"https:\/\/www.dechertbluemig.de\/index.php\/wp-json\/wp\/v2\/media?parent=1393"}],"curies":[{"name":"wp","href":"https:\/\/api.w.org\/{rel}","templated":true}]}}