{"id":1546,"date":"2018-06-14T08:13:35","date_gmt":"2018-06-14T06:13:35","guid":{"rendered":"http:\/\/localhost\/Bitbucket\/dechert_bluemig\/?page_id=1546"},"modified":"2019-02-04T12:43:22","modified_gmt":"2019-02-04T11:43:22","slug":"mietverwaltung","status":"publish","type":"page","link":"https:\/\/www.dechertbluemig.de\/index.php\/verwaltung-2\/mietverwaltung\/","title":{"rendered":"Mietverwaltung"},"content":{"rendered":"<div id=\"pl-1546\"  class=\"panel-layout\" ><div id=\"pg-1546-0\"  class=\"panel-grid panel-no-style\" ><div id=\"pgc-1546-0-0\"  class=\"panel-grid-cell\" ><div id=\"panel-1546-0-0-0\" class=\"so-panel widget widget_gyse-wpm-headline-subheadline-text panel-first-child\" data-index=\"0\" ><div\n\t\t\t\n\t\t\tclass=\"so-widget-gyse-wpm-headline-subheadline-text so-widget-gyse-wpm-headline-subheadline-text-gyse-wpm-headline-subheadline-text-style-d75171398898-1546\"\n\t\t\t\n\t\t><div class=\"gyse-so-widget primary-color\">\n\t<div class=\"so-widget-headline-subheadline-text\">\n\t\t<div class=\"grid-container padding extrapadding\">\n\t\t\t<div class=\"grid-x grid-padding-x grid-margin-x text-left\">\n\t\t\t\t<div class=\"cell\">\n\t\t\t\t\t<h1>Mietverwaltung<\/h1>\t\t\t\t\t<h2>Ihre Mietverwaltung in guten H\u00e4nden<\/h2>\t\t\t\t\tMietverwaltung bedeutet Organisation, Koordination und Innovation: Bei Immobilien gibt es viel zu beachten und stets auch viel zu erledigen. Wir k\u00fcmmern uns darum, damit Sie sich auf Ihre Priorit\u00e4ten konzentrieren k\u00f6nnen.\n\n<br \/>\n<br \/>\n\nWir halten Ihre Immobilie nach Ihren W\u00fcnschen instand und sorgen somit daf\u00fcr, dass der Wert erhalten bleibt.\t\t\t\t<\/div>\n\t\t\t<\/div>\n\t\t<\/div>\n\t<\/div>\n<\/div>\n<\/div><\/div><div id=\"panel-1546-0-0-1\" class=\"so-panel widget widget_gyse-wpm-table\" data-index=\"1\" ><div\n\t\t\t\n\t\t\tclass=\"so-widget-gyse-wpm-table so-widget-gyse-wpm-table-gyse-wpm-table-style-d75171398898-1546\"\n\t\t\t\n\t\t>\n<div class=\"gyse-so-widget dark-color\">\n\t<div class=\"so-widget-table\">\n\t\t<div class=\"grid-container padding \">\n\t\t\t<div class=\"grid-x grid-padding-x grid-margin-x\">\n\t\t\t\t<div class=\"cell\">\n\t\t\t\t\t<table>\n\t\t\t\t\t<thead>\n\t\t\t\t\t\t\t\t\t\t\t\t\t\t<th>Im Rahmen der Mietverwaltung bieten wir Ihne folgende Leistungen an:<\/th>\n\t\t\t\t\t\t\t\t\t\t\t\t<\/thead>\n\t\t\t\t\t<tbody>\n\t\t\t\t\t\t\t\t\t\t\t\t\t<tr>\n\t\t\t\t\t\t\t\t\t\t\t\t\t\t\t\t\t<td>Betriebskostenabrechnung<\/td>\n\t\t\t\t\t\t\t\t\t\t\t\t\t\t\t\t<\/tr>\n\t\t\t\t\t\t\t\t\t\t\t\t\t\t<tr>\n\t\t\t\t\t\t\t\t\t\t\t\t\t\t\t\t\t<td>Mietvertragsmanagement (Mietersuche, Mieterauswahl, Erstellen des Mietvertrags, Wohnungs\u00fcbergabe\/Abnahme, Kaution)<\/td>\n\t\t\t\t\t\t\t\t\t\t\t\t\t\t\t\t<\/tr>\n\t\t\t\t\t\t\t\t\t\t\t\t\t\t<tr>\n\t\t\t\t\t\t\t\t\t\t\t\t\t\t\t\t\t<td>Mietinkasso inkl. Mahnwesen<\/td>\n\t\t\t\t\t\t\t\t\t\t\t\t\t\t\t\t<\/tr>\n\t\t\t\t\t\t\t\t\t\t\t\t\t\t<tr>\n\t\t\t\t\t\t\t\t\t\t\t\t\t\t\t\t\t<td>Organisation der infrastrukturellen Objektbetreuung (Beauftragung und \u00dcberwachung der Serviceunternehmen)<\/td>\n\t\t\t\t\t\t\t\t\t\t\t\t\t\t\t\t<\/tr>\n\t\t\t\t\t\t\t\t\t\t\t\t\t\t<tr>\n\t\t\t\t\t\t\t\t\t\t\t\t\t\t\t\t\t<td>Organisation der technischen Objektbetreuung (Beauftragung und \u00dcberwachung der Handwerkerleistungen)<\/td>\n\t\t\t\t\t\t\t\t\t\t\t\t\t\t\t\t<\/tr>\n\t\t\t\t\t\t\t\t\t\t\t\t\t\t<tr>\n\t\t\t\t\t\t\t\t\t\t\t\t\t\t\t\t\t<td>Abwicklung von Versicherungssch\u00e4den<\/td>\n\t\t\t\t\t\t\t\t\t\t\t\t\t\t\t\t<\/tr>\n\t\t\t\t\t\t\t\t\t\t\t\t\t\t<tr>\n\t\t\t\t\t\t\t\t\t\t\t\t\t\t\t\t\t<td>Anpassung der Betriebskosten und Mieterh\u00f6hungen im Rahmen der gesetzlichen Bestimmungen<\/td>\n\t\t\t\t\t\t\t\t\t\t\t\t\t\t\t\t<\/tr>\n\t\t\t\t\t\t\t\t\t\t\t\t<\/tbody>\n\t\t\t\t<\/table>\n\t\t\t\t<\/div>\n\t\t\t<\/div>\n\t\t<\/div>\n\t<\/div>\n<\/div>\n<\/div><\/div><div id=\"panel-1546-0-0-2\" class=\"so-panel widget widget_gyse-wpm-separator\" data-index=\"2\" ><div\n\t\t\t\n\t\t\tclass=\"so-widget-gyse-wpm-separator so-widget-gyse-wpm-separator-gyse-wpm-separator-style-d75171398898-1546\"\n\t\t\t\n\t\t><div class=\"gyse-so-widget primary-color\">\n\t<div class=\"so-widget-separator\">\n\t\t<div class=\"grid-container padding \">\n      <div class=\"grid-x grid-margin-x grid-padding-x\">\n        <div class=\"cell small-12\">\n\t\t\t\t\t<hr class=\"\">\n        <\/div>\n      <\/div>\n\t\t<\/div>\n\t<\/div>\n<\/div><\/div><\/div><div id=\"panel-1546-0-0-3\" class=\"so-panel widget widget_gyse-wpm-contact panel-last-child\" data-index=\"3\" ><div\n\t\t\t\n\t\t\tclass=\"so-widget-gyse-wpm-contact so-widget-gyse-wpm-contact-gyse-wpm-contact-style-d75171398898-1546\"\n\t\t\t\n\t\t>\n\n<div class=\"gyse-so-widget primary-color\">\n  <div class=\"so-widget-contact\">\n    <div class=\"grid-container padding\">\n      <div class=\"grid-x grid-margin-x grid-padding-x\">\n        <div class=\"cell small-12 medium-6 small-order-2 medium-order-1\">\n          <!-- FORM -->\n          <form id=\"gyseWidgetForm\" data-abide=\"ajax\" novalidate>\n            <label>Vorname*\n              <input type=\"text\" name=\"forename\" id=\"forename\" placeholder=\"Vorname\" required>\n            <\/label>\n            <label>Nachname*\n              <input type=\"text\" name=\"surname\" id=\"surname\" placeholder=\"Nachname\" required>\n            <\/label>\n            <label>E-Mail-Adresse*\n              <input type=\"email\" name=\"email\" id=\"email\" placeholder=\"E-Mail-Adresse\" required pattern=\"email\">\n            <\/label>\n            <label>Telefon\n              <input type=\"text\" name=\"phone\" id=\"phone\" placeholder=\"Telefon\">\n            <\/label>\n            <label>Ihre Nachricht*\n              <textarea rows=\"6\" placeholder=\"Ihre Nachricht an uns\" name=\"message\" id=\"message\" style=\"height: auto; resize: none;\" required><\/textarea>\n            <\/label>\n            \n            <label id=\"einwilligung\" class=\"small-12 mrt1 text-left\">\n              <input id=\"einwilligung_check\" type=\"checkbox\" value=\"1\" required>\n              <p id=\"einwilligung_text\" for=\"einwilligung\">\n                                Ich stimme zu, dass meine Angaben aus dem Kontaktformular zur Beantwortung meiner Anfrage erhoben und verarbeitet werden. Die Daten werden nach abgeschlossener Bearbeitung Ihrer Anfrage gel\u00f6scht. Hinweis: Sie k\u00f6nnen Ihre Einwilligung jederzeit f\u00fcr die Zukunft per E-Mail an info@dechert-bluemig.de widerrufen. Detaillierte Informationen zum Umgang mit Nutzerdaten finden Sie in unserer <a href=''>Datenschutzerkl\u00e4rung<\/a>.              <\/p>\n            <\/label>\n            <input type=\"submit\" class=\"button\" value=\"Absenden\">\n              <div id=\"messageSent\" class=\"callout success text-center\" style=\"display: none;\">\n              <div class=\"small-12\">\n                Ihre Nachricht wurde erfolgreich versendet!\n              <\/div>\n            <\/div>\n            <div data-abide-error class=\"alert callout text-center\" style=\"display: none;\">\n              <p><i class=\"fi-alert\"><\/i> BITTE F\u00dcLLEN SIE ALLE PFLICHTFELDER AUS.<\/p> \n            <\/div>\n            <div id=\"messageFailed\" class=\"grid-x callout alert text-center\" style=\"display: none;\">\n              <div class=\"small-12\">\n                Ihre Nachricht konnte leider nicht gesendet werden!\n              <\/div>\n          <\/div>\n          <\/form>\n        <\/div>\n        <div class=\"cell small-12 medium-6 small-order-1 medium-order-2 contact-header\">\n          <h1>Ob Wohnungseigentums- oder Mietverwaltung, wir haben nur eine Frage:<\/h1>\n          <h2>Was k\u00f6nnen wir f\u00fcr Sie tun?<\/h2>\n          <p><\/p>\n        <\/div>\n      <\/div>\n    <\/div>\n  <\/div>\n<\/div>\n\n\n\n<!-- <section class=\"gyse-wpm-contact\" id=\"scroll-to-gyse-wpm-contact\" data-magellan-target=\"scroll-to-gyse-wpm-contact\">\n  <div class=\"gyse-so-widget -color\">\n    <div class=\"so-widget-contact\">\n      <div class=\"grid-container padding\">\n        <div class=\"grid-x grid-margin-x text-left headline\">\n          <div class=\"cell small-12\">\n                        <\/div>\n        <\/div>\n        <form id=\"gyseWidgetForm\" data-abide=\"ajax\" novalidate>\n            <div class=\"grid-x grid-padding-x large-12 text-center contact-form\">\n              <div id=\"contact-form-left\" class=\"grid-x large-7 medium-7 small-12 text-left\">\n                <div class=\"medium-12 small-12\">\n                  <div>\n                    <h5>primary<\/h5>                    <p>1<br>\n                    info@dechert-bluemig.de<\/p>\n                  <\/div>\n                  <div>\n                                    <\/div>\n                  <div>\n                                      <\/div>\n                                   <\/div>\n              <\/div>\n              <div id=\"contact-form-right\" class=\"grid-x large-5 medium-5 small-12\">\n                <div class=\"medium-12 small-12\">\n                  <div id=\"messageSent\" class=\"grid-x callout success text-center\">\n                    <div class=\"small-12\">\n                      Ihre Nachricht wurde erfolgreich versendet!\n                    <\/div>\n                  <\/div>\n                  <div id=\"messageFailed\" class=\"grid-x callout alert text-center\">\n                    <div class=\"small-12\">\n                      Ihre Nachricht konnte leider nicht gesendet werden!\n                    <\/div>\n                  <\/div>\n                  <div id=\"messageFailedRequired\" class=\"grid-x callout alert text-center\">\n                    <div class=\"small-12\">\n                      Bitte f\u00fcllen Sie alle Pflichtfelder aus.\n                    <\/div>\n                  <\/div>\n                  <div id=\"messageFailedEmail\" class=\"grid-x callout alert text-center\">\n                    <div class=\"cell small-12\">\n                      Bitte tragen Sie eine korrekte E-Mail ein.\n                    <\/div>\n                  <\/div>\n                <\/div>\n                <div class=\"medium-12 small-12\">\n                  <label>\n                      <input type=\"text\" name=\"customerName\" id=\"customerName\" placeholder=\"Name*\" required>\n                    <\/label>\n                <\/div>\n                <div class=\"medium-12 small-12\">\n                  <label>\n                      <input type=\"email\" name=\"customerEmail\" id=\"customerEmail\" placeholder=\"E-Mail*\" required>\n                    <\/label>\n                <\/div>\n                <div class=\"medium-12 small-12\">\n                  <label>\n                      <input type=\"text\" name=\"customerPhoneNr\" id=\"customerPhoneNr\" placeholder=\"Telefononummer\">\n                    <\/label>\n                <\/div>\n                <div class=\"medium-12 small-12\">\n                  <label>\n                      <textarea rows=\"6\" placeholder=\"Ihre Nachricht an uns*\" name=\"customerMessage\" id=\"customerMessage\" style=\"height: auto\" required><\/textarea>\n                  <\/label>\n                <\/div>\n                <label class=\" medium-12 small-12 mrt1 text-left\">\n                    <input id=\"einwilligung\" type=\"checkbox\" value=\"1\" required>\n                    <p id=\"einwilligung_text\" for=\"einwilligung\">\n                      Ich stimme zu, dass meine Angaben aus dem Kontaktformular zur Beantwortung meiner Anfrage erhoben und verarbeitet werden. Die Daten werden nach abgeschlossener Bearbeitung Ihrer Anfrage gel\u00f6scht. Hinweis: Sie k\u00f6nnen Ihre Einwilligung jederzeit f\u00fcr die Zukunft per E-Mail an  widerrufen.<br><br>Detaillierte Informationen zum Umgang mit Nutzerdaten finden Sie in unserer Datenschutzerkl\u00e4rung                    <\/p>\n                <\/label>\n                <div id=\"einwilligung-error\" class=\"grid-x callout alert text-center\">\n                  <div class=\"small-12\">\n                    Bitte willigen Sie ein.\n                  <\/div>\n                <\/div>\n                <div class=\"medium-12 small-12\">\n                  <label>\n                      <input type=\"submit\" id=\"sendButton\" class=\"button\" value=\"Absenden\" style=\"width: 100%\">\n                    <\/label>\n                <\/div>\n              <\/div>\n          <\/div>\n        <\/form>\n        <div id=\"messageFailedSmall\" class=\"grid-x callout alert text-center\">\n            <div class=\"small-12\">\n              Ihre Nachricht konnte leider nicht gesendet werden!\n            <\/div>\n        <\/div>\n        <div id=\"messageSentSmall\" class=\"grid-x callout success text-center\">\n          <div class=\"small-12\">\n            Ihre Nachricht wurde erfolgreich versendet!\n          <\/div>\n        <\/div>\n        <div id=\"messageFailedSmallRequired\" class=\"grid-x callout alert text-center\">\n          <div class=\"small-12\">\n            Bitte f\u00fcllen Sie alle Pflichtfelder aus.\n          <\/div>\n        <\/div>\n        <div id=\"messageFailedSmallEmail\" class=\"grid-x callout alert text-center\">\n          <div class=\"cell small-12\">\n            Bitte tragen Sie eine korrekte E-Mail ein.\n          <\/div>\n        <\/div>\n      <\/div>\n    <\/div>\n  <\/div>\n<\/section> -->\n<\/div><\/div><\/div><\/div><\/div>","protected":false},"excerpt":{"rendered":"<p>Mietverwaltung Ihre Mietverwaltung in guten H\u00e4nden Mietverwaltung bedeutet Organisation, Koordination und Innovation: Bei Immobilien gibt es viel zu beachten und stets auch viel zu erledigen. Wir k\u00fcmmern uns darum, damit Sie sich auf Ihre Priorit\u00e4ten konzentrieren k\u00f6nnen. Wir halten Ihre Immobilie nach Ihren W\u00fcnschen instand und sorgen somit daf\u00fcr, dass der Wert erhalten bleibt. Im [&hellip;]<\/p>\n","protected":false},"author":1,"featured_media":2608,"parent":1540,"menu_order":0,"comment_status":"closed","ping_status":"closed","template":"page-templates\/page-full-width.php","meta":{"_acf_changed":false,"footnotes":""},"class_list":["post-1546","page","type-page","status-publish","has-post-thumbnail","hentry"],"acf":[],"aioseo_notices":[],"_links":{"self":[{"href":"https:\/\/www.dechertbluemig.de\/index.php\/wp-json\/wp\/v2\/pages\/1546","targetHints":{"allow":["GET"]}}],"collection":[{"href":"https:\/\/www.dechertbluemig.de\/index.php\/wp-json\/wp\/v2\/pages"}],"about":[{"href":"https:\/\/www.dechertbluemig.de\/index.php\/wp-json\/wp\/v2\/types\/page"}],"author":[{"embeddable":true,"href":"https:\/\/www.dechertbluemig.de\/index.php\/wp-json\/wp\/v2\/users\/1"}],"replies":[{"embeddable":true,"href":"https:\/\/www.dechertbluemig.de\/index.php\/wp-json\/wp\/v2\/comments?post=1546"}],"version-history":[{"count":72,"href":"https:\/\/www.dechertbluemig.de\/index.php\/wp-json\/wp\/v2\/pages\/1546\/revisions"}],"predecessor-version":[{"id":2621,"href":"https:\/\/www.dechertbluemig.de\/index.php\/wp-json\/wp\/v2\/pages\/1546\/revisions\/2621"}],"up":[{"embeddable":true,"href":"https:\/\/www.dechertbluemig.de\/index.php\/wp-json\/wp\/v2\/pages\/1540"}],"wp:featuredmedia":[{"embeddable":true,"href":"https:\/\/www.dechertbluemig.de\/index.php\/wp-json\/wp\/v2\/media\/2608"}],"wp:attachment":[{"href":"https:\/\/www.dechertbluemig.de\/index.php\/wp-json\/wp\/v2\/media?parent=1546"}],"curies":[{"name":"wp","href":"https:\/\/api.w.org\/{rel}","templated":true}]}}