{"id":16,"date":"2018-05-03T11:13:14","date_gmt":"2018-05-03T09:13:14","guid":{"rendered":"http:\/\/localhost\/Bitbucket\/gyse_media_wp_master\/?page_id=16"},"modified":"2018-06-05T09:54:21","modified_gmt":"2018-06-05T07:54:21","slug":"faq","status":"publish","type":"page","link":"https:\/\/www.dechertbluemig.de\/index.php\/faq\/","title":{"rendered":"FAQ"},"content":{"rendered":"<div id=\"pl-16\"  class=\"panel-layout\" ><div id=\"pg-16-0\"  class=\"panel-grid panel-no-style\" ><div id=\"pgc-16-0-0\"  class=\"panel-grid-cell\" ><div id=\"panel-16-0-0-0\" class=\"so-panel widget widget_gyse-wpm-media-container panel-first-child\" data-index=\"0\" ><div\n\t\t\t\n\t\t\tclass=\"so-widget-gyse-wpm-media-container so-widget-gyse-wpm-media-container-gyse-wpm-media-container-style-d75171398898-16\"\n\t\t\t\n\t\t>\n<div class=\"gyse-so-widget dark-color\">\n\t<div class=\"so-widget-media-container\">\n\t\t<div class=\"grid-container  fullWidth no-padding\">\n\t\t\t<div class=\"grid-x grid-padding-x\">\n\t\t\t\t<div class=\"cell small-12\">\n\t\t\t\t\t<div class=\"media-container-orbit\">\n\t\t\t\t\t\t<div class=\"orbit\" role=\"region\" aria-label=\"Media Container Slideshow\" data-orbit data-options=\"animInFromLeft:fade-in; animInFromRight:fade-in; animOutToLeft:fade-out; animOutToRight:fade-out;\">\n\t\t\t\t\t\t\t<div class=\"orbit-wrapper\">\n\t\t\t\t\t\t\t\t\t\t\t\t\t\t\t\t\t\t<div class=\"orbit-controls\">\n\t\t\t\t\t\t\t      \t\t<button class=\"orbit-previous\"><span class=\"show-for-sr\">Previous Slide<\/span>&#x3c;<\/button>\n\t\t\t\t\t\t\t\t\t\t\t\t<button class=\"orbit-next\"><span class=\"show-for-sr\">Next Slide<\/span>&#x3e;<\/button>\n\t\t\t\t\t\t\t\t\t\t<\/div> \t\t\t\t\t\t\t\t<ul class=\"orbit-container\">\n\t\t\t\t\t\t\t\t\t\t\t\t\t\t\t\t\t\t\t<li class=\"is-active orbit-slide\">\n\t\t\t\t\t\t      \t\t<figure class=\"orbit-figure\">\n\t\t\t\t\t\t\t\t\t\t\t\t<div class=\"height-large media-container \n\t\t\t\t\t\t\t\t\t\t\t\t\t\t\t\t\t\t\t\t\t\t\t\t\">\n\t\t\t\t\t\t\t\t\t\t\t\t\t<div class=\"description\">\n\t\t\t\t\t\t\t\t\t\t\t\t\t\t<div class=\"row\">\n\t\t\t\t\t\t\t\t\t\t\t\t\t\t\t<div class=\"align-self-middle center column\">\n\t\t\t\t\t\t\t\t\t\t\t\t\t\t\t\t<h3>\u00dcberschrift 1<\/h3><h4>Subheadline f\u00fcr dieses Element 1<\/h4><a href=\"https:\/\/www.dechertbluemig.de\/index.php\/kundenservice\/kundenservice-1\/\" class=\"button\">Let's Go<\/a>\t\t\t\t\t\t\t\t\t\t\t\t\t\t\t<\/div>\n\t\t\t\t\t\t\t\t\t\t\t\t\t\t<\/div>\n\t\t\t\t\t\t\t\t\t\t\t\t\t<\/div>\n\t\t\t\t\t\t\t\t\t\t\t\t\t<div class=\"media-wrapper\">\n\t\t\t\t\t\t\t\t\t\t\t\t\t\t\t\t\t\t\t\t\t\t\t\t\t\t\t\t\t<video loop autoplay width=\"100%\" >\n\t\t\t\t\t\t\t\t\t\t\t\t\t\t\t\t<source src=\"\" type=\"video\/mp4\">\n\t\t\t\t\t\t\t\t\t\t\t\t\t\t\t<\/video> \t\t\t\t\t\t\t\t\t\t\t\t\t<\/div>\n\t\t\t\t\t\t\t\t\t\t\t\t<\/div>\n\t\t\t\t\t\t\t\t\t\t\t\t<figcaption class=\"orbit-caption text-center\">Bildbeschreibung \/ Videobeschreibung Element 2<\/figcaption>\t\t\t\t\t\t\t\t        <\/figure>\n\t\t\t\t\t\t\t\t      <\/li>\n\t\t\t\t\t\t\t\t\t\t\t\t\t\t\t\t\t\t\t\t\t<li class=\" orbit-slide\">\n\t\t\t\t\t\t      \t\t<figure class=\"orbit-figure\">\n\t\t\t\t\t\t\t\t\t\t\t\t<div class=\"height-large media-container \n\t\t\t\t\t\t\t\t\t\t\t\t\t\t\t\t\t\t\t\t\t\t\t\t\">\n\t\t\t\t\t\t\t\t\t\t\t\t\t<div class=\"description\">\n\t\t\t\t\t\t\t\t\t\t\t\t\t\t<div class=\"row\">\n\t\t\t\t\t\t\t\t\t\t\t\t\t\t\t<div class=\"align-self-middle center column\">\n\t\t\t\t\t\t\t\t\t\t\t\t\t\t\t\t<h3>\u00dcberschrift Global<\/h3><h4>Subheadline Global<\/h4><a href=\"https:\/\/www.dechertbluemig.de\/index.php\/kundenservice\/\" class=\"button\">Button Global<\/a>\t\t\t\t\t\t\t\t\t\t\t\t\t\t\t<\/div>\n\t\t\t\t\t\t\t\t\t\t\t\t\t\t<\/div>\n\t\t\t\t\t\t\t\t\t\t\t\t\t<\/div>\n\t\t\t\t\t\t\t\t\t\t\t\t\t<div class=\"media-wrapper\">\n\t\t\t\t\t\t\t\t\t\t\t\t\t\t\t\t\t\t\t\t\t\t\t\t\t\t\t\t\t<img decoding=\"async\" class=\"orbit-image\" src=\"\" alt=\"Image\">  \t\t\t\t\t\t\t\t\t\t\t\t\t<\/div>\n\t\t\t\t\t\t\t\t\t\t\t\t<\/div>\n\t\t\t\t\t\t\t\t\t\t\t\t<figcaption class=\"orbit-caption text-center\">Eigene \u00dcberschrift<\/figcaption>\t\t\t\t\t\t\t\t        <\/figure>\n\t\t\t\t\t\t\t\t      <\/li>\n\t\t\t\t\t\t\t\t\t\t\t\t\t\t\t\t\t\t\t\t\t<li class=\" orbit-slide\">\n\t\t\t\t\t\t      \t\t<figure class=\"orbit-figure\">\n\t\t\t\t\t\t\t\t\t\t\t\t<div class=\"height-large media-container \n\t\t\t\t\t\t\t\t\t\t\t\t\t\t\t\t\t\t\t\t\t\t\t\t\">\n\t\t\t\t\t\t\t\t\t\t\t\t\t<div class=\"description\">\n\t\t\t\t\t\t\t\t\t\t\t\t\t\t<div class=\"row\">\n\t\t\t\t\t\t\t\t\t\t\t\t\t\t\t<div class=\"align-self-middle center column\">\n\t\t\t\t\t\t\t\t\t\t\t\t\t\t\t\t<h3>\u00dcberschrift Global<\/h3><h4>Subheadline Global<\/h4><a href=\"https:\/\/www.dechertbluemig.de\/index.php\/kundenservice\/\" class=\"button\">Button Global<\/a>\t\t\t\t\t\t\t\t\t\t\t\t\t\t\t<\/div>\n\t\t\t\t\t\t\t\t\t\t\t\t\t\t<\/div>\n\t\t\t\t\t\t\t\t\t\t\t\t\t<\/div>\n\t\t\t\t\t\t\t\t\t\t\t\t\t<div class=\"media-wrapper\">\n\t\t\t\t\t\t\t\t\t\t\t\t\t\t\t\t\t\t\t\t\t\t\t\t\t\t\t\t\t<img decoding=\"async\" class=\"orbit-image\" src=\"\" alt=\"Image\">  \t\t\t\t\t\t\t\t\t\t\t\t\t<\/div>\n\t\t\t\t\t\t\t\t\t\t\t\t<\/div>\n\t\t\t\t\t\t\t\t\t\t\t\t<figcaption class=\"orbit-caption text-center\">Hallo ich bin global<\/figcaption>\t\t\t\t\t\t\t\t        <\/figure>\n\t\t\t\t\t\t\t\t      <\/li>\n\t\t\t\t\t\t\t\t\t\t\t\t\t\t\t\t\t     <\/ul>\n\t\t\t\t\t\t  <\/div>\n\t\t\t\t\t\t \t \t\t\t\t\t\t\t  \t<div class=\"grid-container\">\n\t\t\t\t\t\t\t\t\t<nav class=\"orbit-bullets center \">\n\t\t\t\t\t\t\t\t\t\t\t\t\t\t\t\t\t\t\t\t\t<button  class=\"is-active\"   data-slide=\"0\">\n\t\t\t\t\t\t\t\t\t\t\t\t\t\t\t\t\t\t\t\t\t\t\t\t<span class=\"show-for-sr\">Slide Nr. 0<\/span>\n\t\t\t\t\t\t\t\t\t\t\t<\/button>\n\t\t\t\t\t\t\t\t\t\t\t\t\t\t\t\t\t\t\t\t\t\t<button   data-slide=\"1\">\n\t\t\t\t\t\t\t\t\t\t\t\t\t\t\t\t\t\t\t\t\t\t\t\t<span class=\"show-for-sr\">Slide Nr. 1<\/span>\n\t\t\t\t\t\t\t\t\t\t\t<\/button>\n\t\t\t\t\t\t\t\t\t\t\t\t\t\t\t\t\t\t\t\t\t\t<button   data-slide=\"2\">\n\t\t\t\t\t\t\t\t\t\t\t\t\t\t\t\t\t\t\t\t\t\t\t\t<span class=\"show-for-sr\">Slide Nr. 2<\/span>\n\t\t\t\t\t\t\t\t\t\t\t<\/button>\n\t\t\t\t\t\t\t\t\t\t\t\t\t\t\t\t\t\t\t\t<\/nav>\n\t\t\t\t\t\t\t\t<\/div>\n\t\t\t\t\t\t\t\t\t\t\t\t\t<\/div>\n\t\t\t\t\t<\/div>\n\t\t\t\t<\/div>\n\t\t\t<\/div>\n\t\t<\/div>\n\t<\/div>\n<\/div>\n<\/div><\/div><div id=\"panel-16-0-0-1\" class=\"so-panel widget widget_gyse-wpm-image-text-button\" data-index=\"1\" ><div\n\t\t\t\n\t\t\tclass=\"so-widget-gyse-wpm-image-text-button so-widget-gyse-wpm-image-text-button-gyse-wpm-image-text-button-style-d75171398898-16\"\n\t\t\t\n\t\t>\n<div class=\"gyse-so-widget dark-color\">\n\t<div class=\"so-widget-image-text-button\">\n\t\t<div class=\"grid-container padding\">\n\t\t\t<div class=\"grid-x grid-margin-x grid-padding-x\">\n\t\t\t\t\t\t\t\t<div class=\"cell small-12 medium-6 large-4 small-order-1 align-self-top medium-order-1\">\n\t\t\t\t\t <img decoding=\"async\" src=\"\" \/>\t\t\t\t<\/div>\n\t\t\t\t<div class=\"cell auto align-self-top medium-order-2 small-order-2 text-left\">\n\t\t\t\t\t<h1>\u00dcberschrift<\/h1><h2>Unterschrift<\/h2><p><p>Lorem ipsum dolor sit amet, consetetur sadipscing elitr, sed diam nonumy eirmod tempor invidunt ut labore et dolore magna aliquyam erat, sed diam voluptua.<\/p>\n<p>&nbsp;<\/p>\n<h3>\u00dcberschrift H3<\/h3>\n<p>At vero eos et accusam et justo duo dolores et ea rebum. Stet clita kasd gubergren, no sea takimata sanctus est <a href=\"#\">Lorem ipsum dolor<\/a> sit amet. Lorem ipsum dolor sit amet, consetetur sadipscing elitr, sed diam nonumy eirmod tempor invidunt ut labore et dolore magna aliquyam erat, sed diam voluptua. At vero eos et accusam et justo duo dolores et ea rebum.<\/p>\n<p>&nbsp;<\/p>\n<h4>\u00dcberschrift H4<\/h4>\n<p>Stet clita kasd gubergren, no sea takimata sanctus est Lorem ipsum dolor sit amet.<\/p>\n<\/p><a href=\"#\" class=\"button\">Weiter<\/a>\t\t\t\t<\/div>\n\t\t\t<\/div>\n\t\t<\/div>\n\t<\/div>\n<\/div>\n\n<\/div><\/div><div id=\"panel-16-0-0-2\" class=\"so-panel widget widget_gyse-wpm-image-text-button\" data-index=\"2\" ><div\n\t\t\t\n\t\t\tclass=\"so-widget-gyse-wpm-image-text-button so-widget-gyse-wpm-image-text-button-gyse-wpm-image-text-button-style-d75171398898-16\"\n\t\t\t\n\t\t>\n<div class=\"gyse-so-widget light-color\">\n\t<div class=\"so-widget-image-text-button\">\n\t\t<div class=\"grid-container padding\">\n\t\t\t<div class=\"grid-x grid-margin-x grid-padding-x\">\n\t\t\t\t\t\t\t\t<div class=\"cell small-12 medium-6 large-4 small-order-1 align-self-top medium-order-1\">\n\t\t\t\t\t <img decoding=\"async\" src=\"\" \/>\t\t\t\t<\/div>\n\t\t\t\t<div class=\"cell auto align-self-top medium-order-2 small-order-2 text-left\">\n\t\t\t\t\t<h1>\u00dcberschrift<\/h1><h2>Unterschrift<\/h2><p><p>Lorem ipsum dolor sit amet, consetetur sadipscing elitr, sed diam nonumy eirmod tempor invidunt ut labore et dolore magna aliquyam erat, sed diam voluptua.<\/p>\n<p>&nbsp;<\/p>\n<h3>\u00dcberschrift H3<\/h3>\n<p>At vero eos et accusam et justo duo dolores et ea rebum. Stet clita kasd gubergren, no sea takimata sanctus est <a href=\"#\">Lorem ipsum dolor<\/a> sit amet. Lorem ipsum dolor sit amet, consetetur sadipscing elitr, sed diam nonumy eirmod tempor invidunt ut labore et dolore magna aliquyam erat, sed diam voluptua. At vero eos et accusam et justo duo dolores et ea rebum.<\/p>\n<p>&nbsp;<\/p>\n<h4>\u00dcberschrift H4<\/h4>\n<p>Stet clita kasd gubergren, no sea takimata sanctus est Lorem ipsum dolor sit amet.<\/p>\n<\/p><a href=\"#\" class=\"button\">Weiter<\/a>\t\t\t\t<\/div>\n\t\t\t<\/div>\n\t\t<\/div>\n\t<\/div>\n<\/div>\n\n<\/div><\/div><div id=\"panel-16-0-0-3\" class=\"so-panel widget widget_gyse-wpm-media-container\" data-index=\"3\" ><div\n\t\t\t\n\t\t\tclass=\"so-widget-gyse-wpm-media-container so-widget-gyse-wpm-media-container-gyse-wpm-media-container-style-d75171398898-16\"\n\t\t\t\n\t\t>\n<div class=\"gyse-so-widget light-color\">\n\t<div class=\"so-widget-media-container\">\n\t\t<div class=\"grid-container padding\">\n\t\t\t<div class=\"grid-x grid-padding-x\">\n\t\t\t\t<div class=\"cell small-12\">\n\t\t\t\t\t<div class=\"media-container-orbit\">\n\t\t\t\t\t\t<div class=\"orbit\" role=\"region\" aria-label=\"Media Container Slideshow\" data-orbit data-options=\"animInFromLeft:fade-in; animInFromRight:fade-in; animOutToLeft:fade-out; animOutToRight:fade-out;\">\n\t\t\t\t\t\t\t<div class=\"orbit-wrapper\">\n\t\t\t\t\t\t\t\t\t\t\t\t\t\t\t\t\t\t<div class=\"orbit-controls\">\n\t\t\t\t\t\t\t      \t\t<button class=\"orbit-previous\"><span class=\"show-for-sr\">Previous Slide<\/span>&#x3c;<\/button>\n\t\t\t\t\t\t\t\t\t\t\t\t<button class=\"orbit-next\"><span class=\"show-for-sr\">Next Slide<\/span>&#x3e;<\/button>\n\t\t\t\t\t\t\t\t\t\t<\/div> \t\t\t\t\t\t\t\t<ul class=\"orbit-container\">\n\t\t\t\t\t\t\t\t\t\t\t\t\t\t\t\t\t\t\t<li class=\"is-active orbit-slide\">\n\t\t\t\t\t\t      \t\t<figure class=\"orbit-figure\">\n\t\t\t\t\t\t\t\t\t\t\t\t<div class=\"height-small media-container \n\t\t\t\t\t\t\t\t\t\t\t\t\t\t\t\t\t\t\t\t\t\t\t\t\">\n\t\t\t\t\t\t\t\t\t\t\t\t\t<div class=\"description\">\n\t\t\t\t\t\t\t\t\t\t\t\t\t\t<div class=\"row\">\n\t\t\t\t\t\t\t\t\t\t\t\t\t\t\t<div class=\"align-self-middle center column\">\n\t\t\t\t\t\t\t\t\t\t\t\t\t\t\t\t\t\t\t\t\t\t\t\t\t\t\t\t\t\t\t<\/div>\n\t\t\t\t\t\t\t\t\t\t\t\t\t\t<\/div>\n\t\t\t\t\t\t\t\t\t\t\t\t\t<\/div>\n\t\t\t\t\t\t\t\t\t\t\t\t\t<div class=\"media-wrapper\">\n\t\t\t\t\t\t\t\t\t\t\t\t\t\t\t\t\t\t\t\t\t\t\t\t\t\t\t\t\t<video loop autoplay width=\"100%\" >\n\t\t\t\t\t\t\t\t\t\t\t\t\t\t\t\t<source src=\"\" type=\"video\/mp4\">\n\t\t\t\t\t\t\t\t\t\t\t\t\t\t\t<\/video> \t\t\t\t\t\t\t\t\t\t\t\t\t<\/div>\n\t\t\t\t\t\t\t\t\t\t\t\t<\/div>\n\t\t\t\t\t\t\t\t\t\t\t\t\t\t\t\t\t\t\t\t        <\/figure>\n\t\t\t\t\t\t\t\t      <\/li>\n\t\t\t\t\t\t\t\t\t\t\t\t\t\t\t\t\t\t\t\t\t<li class=\" orbit-slide\">\n\t\t\t\t\t\t      \t\t<figure class=\"orbit-figure\">\n\t\t\t\t\t\t\t\t\t\t\t\t<div class=\"height-small media-container \n\t\t\t\t\t\t\t\t\t\t\t\t\t\t\t\t\t\t\t\t\t\t\t\t\">\n\t\t\t\t\t\t\t\t\t\t\t\t\t<div class=\"description\">\n\t\t\t\t\t\t\t\t\t\t\t\t\t\t<div class=\"row\">\n\t\t\t\t\t\t\t\t\t\t\t\t\t\t\t<div class=\"align-self-middle center column\">\n\t\t\t\t\t\t\t\t\t\t\t\t\t\t\t\t\t\t\t\t\t\t\t\t\t\t\t\t\t\t\t<\/div>\n\t\t\t\t\t\t\t\t\t\t\t\t\t\t<\/div>\n\t\t\t\t\t\t\t\t\t\t\t\t\t<\/div>\n\t\t\t\t\t\t\t\t\t\t\t\t\t<div class=\"media-wrapper\">\n\t\t\t\t\t\t\t\t\t\t\t\t\t\t\t\t\t\t\t\t\t\t\t\t\t\t\t\t\t<img decoding=\"async\" class=\"orbit-image\" src=\"\" alt=\"Image\">  \t\t\t\t\t\t\t\t\t\t\t\t\t<\/div>\n\t\t\t\t\t\t\t\t\t\t\t\t<\/div>\n\t\t\t\t\t\t\t\t\t\t\t\t\t\t\t\t\t\t\t\t        <\/figure>\n\t\t\t\t\t\t\t\t      <\/li>\n\t\t\t\t\t\t\t\t\t\t\t\t\t\t\t\t\t\t\t\t\t<li class=\" orbit-slide\">\n\t\t\t\t\t\t      \t\t<figure class=\"orbit-figure\">\n\t\t\t\t\t\t\t\t\t\t\t\t<div class=\"height-small media-container \n\t\t\t\t\t\t\t\t\t\t\t\t\t\t\t\t\t\t\t\t\t\t\t\t\">\n\t\t\t\t\t\t\t\t\t\t\t\t\t<div class=\"description\">\n\t\t\t\t\t\t\t\t\t\t\t\t\t\t<div class=\"row\">\n\t\t\t\t\t\t\t\t\t\t\t\t\t\t\t<div class=\"align-self-middle center column\">\n\t\t\t\t\t\t\t\t\t\t\t\t\t\t\t\t\t\t\t\t\t\t\t\t\t\t\t\t\t\t\t<\/div>\n\t\t\t\t\t\t\t\t\t\t\t\t\t\t<\/div>\n\t\t\t\t\t\t\t\t\t\t\t\t\t<\/div>\n\t\t\t\t\t\t\t\t\t\t\t\t\t<div class=\"media-wrapper\">\n\t\t\t\t\t\t\t\t\t\t\t\t\t\t\t\t\t\t\t\t\t\t\t\t\t\t\t\t\t<img decoding=\"async\" class=\"orbit-image\" src=\"\" alt=\"Image\">  \t\t\t\t\t\t\t\t\t\t\t\t\t<\/div>\n\t\t\t\t\t\t\t\t\t\t\t\t<\/div>\n\t\t\t\t\t\t\t\t\t\t\t\t\t\t\t\t\t\t\t\t        <\/figure>\n\t\t\t\t\t\t\t\t      <\/li>\n\t\t\t\t\t\t\t\t\t\t\t\t\t\t\t\t\t     <\/ul>\n\t\t\t\t\t\t  <\/div>\n\t\t\t\t\t\t \t \t\t\t\t\t\t\t  \t<div class=\"grid-container\">\n\t\t\t\t\t\t\t\t\t<nav class=\"orbit-bullets left thumbnail-bullet\">\n\t\t\t\t\t\t\t\t\t\t\t\t\t\t\t\t\t\t\t\t\t<button  class=\"is-active\"   data-slide=\"0\">\n\t\t\t\t\t\t\t\t\t\t\t\t<img decoding=\"async\" src=\"\" alt=\"Thumbnail\"\/>\t\t\t\t\t\t\t\t\t\t\t\t<span class=\"show-for-sr\">Slide Nr. 0<\/span>\n\t\t\t\t\t\t\t\t\t\t\t<\/button>\n\t\t\t\t\t\t\t\t\t\t\t\t\t\t\t\t\t\t\t\t\t\t<button   data-slide=\"1\">\n\t\t\t\t\t\t\t\t\t\t\t\t<img decoding=\"async\" src=\"\" alt=\"Thumbnail\"\/>\t\t\t\t\t\t\t\t\t\t\t\t<span class=\"show-for-sr\">Slide Nr. 1<\/span>\n\t\t\t\t\t\t\t\t\t\t\t<\/button>\n\t\t\t\t\t\t\t\t\t\t\t\t\t\t\t\t\t\t\t\t\t\t<button   data-slide=\"2\">\n\t\t\t\t\t\t\t\t\t\t\t\t<img decoding=\"async\" src=\"\" alt=\"Thumbnail\"\/>\t\t\t\t\t\t\t\t\t\t\t\t<span class=\"show-for-sr\">Slide Nr. 2<\/span>\n\t\t\t\t\t\t\t\t\t\t\t<\/button>\n\t\t\t\t\t\t\t\t\t\t\t\t\t\t\t\t\t\t\t\t<\/nav>\n\t\t\t\t\t\t\t\t<\/div>\n\t\t\t\t\t\t\t\t\t\t\t\t\t<\/div>\n\t\t\t\t\t<\/div>\n\t\t\t\t<\/div>\n\t\t\t<\/div>\n\t\t<\/div>\n\t<\/div>\n<\/div>\n<\/div><\/div><div id=\"panel-16-0-0-4\" class=\"so-panel widget widget_gyse-wpm-image-text-button\" data-index=\"4\" ><div\n\t\t\t\n\t\t\tclass=\"so-widget-gyse-wpm-image-text-button so-widget-gyse-wpm-image-text-button-gyse-wpm-image-text-button-style-d75171398898-16\"\n\t\t\t\n\t\t>\n<div class=\"gyse-so-widget primary-color\">\n\t<div class=\"so-widget-image-text-button\">\n\t\t<div class=\"grid-container no-padding\">\n\t\t\t<div class=\"grid-x grid-margin-x grid-padding-x\">\n\t\t\t\t\t\t\t\t<div class=\"cell small-12 medium-6 small-order-1 align-self-bottom medium-order-2\">\n\t\t\t\t\t <img decoding=\"async\" src=\"\" \/>\t\t\t\t<\/div>\n\t\t\t\t<div class=\"cell auto align-self-middle medium-order-1 small-order-2 text-right\">\n\t\t\t\t\t<h1>\u00dcberschrift<\/h1><h2>Unterschrift<\/h2><p><p>Lorem ipsum dolor sit amet, consetetur sadipscing elitr, sed diam nonumy eirmod tempor invidunt ut labore et dolore magna aliquyam erat, sed diam voluptua.\u00a0Stet clita kasd gubergren, no sea takimata sanctus est Lorem ipsum dolor sit amet.<\/p>\n<\/p><a href=\"#\" class=\"button\">Weiter<\/a>\t\t\t\t<\/div>\n\t\t\t<\/div>\n\t\t<\/div>\n\t<\/div>\n<\/div>\n\n<\/div><\/div><div id=\"panel-16-0-0-5\" class=\"so-panel widget widget_gyse-wpm-accordion\" data-index=\"5\" ><div\n\t\t\t\n\t\t\tclass=\"so-widget-gyse-wpm-accordion so-widget-gyse-wpm-accordion-gyse-wpm-accordion-style-d75171398898-16\"\n\t\t\t\n\t\t>\n<div class=\"gyse-so-widget standard-color\">\n\t<div class=\"so-widget-accordion\">\n\t\t<div class=\"grid-container padding\">\n\t\t\t<div class=\"grid-x grid-margin-x\">\n\t\t\t\t<div class=\"cell small-12\">\n\t\t\t\t\t<ul class=\"accordion\" data-accordion data-allow-all-closed=\"true\">\n\t\t\t\t\t\t\t\t  \t\t\t\t<li class=\"accordion-item\" data-accordion-item>\n\t\t\t\t\t\t\t<a class=\"accordion-title\">\n\t\t\t\t\t\t\t\t<h3>\u00dcberschrift 1<\/h3>\t\t\t\t\t\t\t<\/a>\n\t\t\t\t\t\t\t\t\t\t\t\t\t\t<div class=\"accordion-content\" data-tab-content>\n\t\t\t\t\t\t\t\t<ul class=\"accordion\" data-accordion data-allow-all-closed=\"true\">\n\t\t\t\t\t\t\t\t\t<li class=\"accordion-item\" data-accordion-item>\n\t\t\t\t\t\t\t\t\t\t<a class=\"accordion-title\">\n\t\t\t\t\t\t\t\t\t\t\t<h4>Unterschrift<\/h4>\t\t\t\t\t\t\t\t\t\t<\/a>\n\t\t\t\t\t\t\t\t\t\t<div class=\"accordion-content \" data-tab-content>\n\t\t\t\t\t\t\t\t\t\t\t<p><p>Text<\/p>\n<\/p>\t\t\t\t\t\t\t\t\t\t<\/div>\n\t\t\t\t\t\t\t\t\t<\/li>\n\t\t\t\t\t\t\t\t<\/ul>\n\t\t\t\t\t\t\t<\/div>\n\t\t\t\t\t\t\t\t\t\t\t\t\t<\/li>\n\t\t\t\t\t\t\t\t  \t\t\t\t<li class=\"accordion-item\" data-accordion-item>\n\t\t\t\t\t\t\t<a class=\"accordion-title\">\n\t\t\t\t\t\t\t\t<h3>\u00dcberschrift<\/h3>\t\t\t\t\t\t\t<\/a>\n\t\t\t\t\t\t\t\t\t\t\t\t\t\t<div class=\"accordion-content\" data-tab-content>\n\t\t\t\t\t\t\t\t<ul class=\"accordion\" data-accordion data-allow-all-closed=\"true\">\n\t\t\t\t\t\t\t\t\t<li class=\"accordion-item\" data-accordion-item>\n\t\t\t\t\t\t\t\t\t\t<a class=\"accordion-title\">\n\t\t\t\t\t\t\t\t\t\t\t<h4>Unterschrift<\/h4>\t\t\t\t\t\t\t\t\t\t<\/a>\n\t\t\t\t\t\t\t\t\t\t<div class=\"accordion-content \" data-tab-content>\n\t\t\t\t\t\t\t\t\t\t\t\t\t\t\t\t\t\t\t\t\t<\/div>\n\t\t\t\t\t\t\t\t\t<\/li>\n\t\t\t\t\t\t\t\t<\/ul>\n\t\t\t\t\t\t\t<\/div>\n\t\t\t\t\t\t\t\t\t\t\t\t\t<\/li>\n\t\t\t\t\t\t\t\t\t\t\t<\/ul>\n\t\t\t\t<\/div>\n\t\t\t<\/div>\n\t\t<\/div>\n\t<\/div>\n<\/div>\n<\/div><\/div><div id=\"panel-16-0-0-6\" class=\"so-panel widget widget_gyse-wpm-card\" data-index=\"6\" ><div\n\t\t\t\n\t\t\tclass=\"so-widget-gyse-wpm-card so-widget-gyse-wpm-card-gyse-wpm-card-style-d75171398898-16\"\n\t\t\t\n\t\t>\n<div class=\"gyse-so-widget light-color\">\n  <div class=\"so-widget-card\">\n  \t<div class=\"grid-container padding\">\n      <div class=\"grid-x grid-margin-x grid-margin-y\">\nssss\n        <\/div>\n    <\/div>\n  <\/div>\n<\/div>\n<\/div><\/div><div id=\"panel-16-0-0-7\" class=\"so-panel widget widget_gyse-wpm-margin\" data-index=\"7\" ><div\n\t\t\t\n\t\t\tclass=\"so-widget-gyse-wpm-margin so-widget-gyse-wpm-margin-gyse-wpm-margin-style-d75171398898-16\"\n\t\t\t\n\t\t><div class=\"gyse-so-widget \ndark-color\">\n\t<div class=\"so-widget-margin margin-160\"><\/div>\n<\/div><\/div><\/div><div id=\"panel-16-0-0-8\" class=\"so-panel widget widget_gyse-wpm-headline-subheadline-text panel-last-child\" data-index=\"8\" ><div\n\t\t\t\n\t\t\tclass=\"so-widget-gyse-wpm-headline-subheadline-text so-widget-gyse-wpm-headline-subheadline-text-gyse-wpm-headline-subheadline-text-style-d75171398898-16\"\n\t\t\t\n\t\t><div class=\"gyse-so-widget light-color\">\n\t<div class=\"so-widget-headline-subheadline-text\">\n\t\t<div class=\"grid-container padding \">\n\t\t\t<div class=\"grid-x grid-padding-x grid-margin-x text-left\">\n\t\t\t\t<div class=\"cell\">\n\t\t\t\t\t<h1>Hallo Arbnor<\/h1>\t\t\t\t\t<h2>Wie geht es dir heute?<\/h2>\t\t\t\t\t<p>Lorem ipsum bla bla bla<\/p>\n<p>Test 123<\/p>\n\t\t\t\t<\/div>\n\t\t\t<\/div>\n\t\t<\/div>\n\t<\/div>\n<\/div>\n<\/div><\/div><\/div><\/div><\/div>","protected":false},"excerpt":{"rendered":"<p>Previous Slide&#x3c; Next Slide&#x3e; \u00dcberschrift 1Subheadline f\u00fcr dieses Element 1Let&#8217;s Go Bildbeschreibung \/ Videobeschreibung Element 2 \u00dcberschrift GlobalSubheadline GlobalButton Global Eigene \u00dcberschrift \u00dcberschrift GlobalSubheadline GlobalButton Global Hallo ich bin global Slide Nr. 0 Slide Nr. 1 Slide Nr. 2 \u00dcberschriftUnterschriftLorem ipsum dolor sit amet, consetetur sadipscing elitr, sed diam nonumy eirmod tempor invidunt ut labore [&hellip;]<\/p>\n","protected":false},"author":1,"featured_media":0,"parent":0,"menu_order":0,"comment_status":"closed","ping_status":"closed","template":"page-templates\/page-full-width.php","meta":{"_acf_changed":false,"footnotes":""},"class_list":["post-16","page","type-page","status-publish","hentry"],"acf":[],"aioseo_notices":[],"_links":{"self":[{"href":"https:\/\/www.dechertbluemig.de\/index.php\/wp-json\/wp\/v2\/pages\/16","targetHints":{"allow":["GET"]}}],"collection":[{"href":"https:\/\/www.dechertbluemig.de\/index.php\/wp-json\/wp\/v2\/pages"}],"about":[{"href":"https:\/\/www.dechertbluemig.de\/index.php\/wp-json\/wp\/v2\/types\/page"}],"author":[{"embeddable":true,"href":"https:\/\/www.dechertbluemig.de\/index.php\/wp-json\/wp\/v2\/users\/1"}],"replies":[{"embeddable":true,"href":"https:\/\/www.dechertbluemig.de\/index.php\/wp-json\/wp\/v2\/comments?post=16"}],"version-history":[{"count":197,"href":"https:\/\/www.dechertbluemig.de\/index.php\/wp-json\/wp\/v2\/pages\/16\/revisions"}],"predecessor-version":[{"id":1046,"href":"https:\/\/www.dechertbluemig.de\/index.php\/wp-json\/wp\/v2\/pages\/16\/revisions\/1046"}],"wp:attachment":[{"href":"https:\/\/www.dechertbluemig.de\/index.php\/wp-json\/wp\/v2\/media?parent=16"}],"curies":[{"name":"wp","href":"https:\/\/api.w.org\/{rel}","templated":true}]}}