{"id":1639,"date":"2018-06-15T14:56:47","date_gmt":"2018-06-15T12:56:47","guid":{"rendered":"http:\/\/localhost\/Bitbucket\/dechert_bluemig\/?page_id=1639"},"modified":"2019-02-04T12:46:21","modified_gmt":"2019-02-04T11:46:21","slug":"privat","status":"publish","type":"page","link":"https:\/\/www.dechertbluemig.de\/index.php\/vermieten\/privat\/","title":{"rendered":"Privat"},"content":{"rendered":"<div id=\"pl-1639\"  class=\"panel-layout\" ><div id=\"pg-1639-0\"  class=\"panel-grid panel-no-style\" ><div id=\"pgc-1639-0-0\"  class=\"panel-grid-cell\" ><div id=\"panel-1639-0-0-0\" class=\"so-panel widget widget_gyse-wpm-headline-subheadline-text panel-first-child\" data-index=\"0\" ><div\n\t\t\t\n\t\t\tclass=\"so-widget-gyse-wpm-headline-subheadline-text so-widget-gyse-wpm-headline-subheadline-text-gyse-wpm-headline-subheadline-text-style-d75171398898-1639\"\n\t\t\t\n\t\t><div class=\"gyse-so-widget primary-color\">\n\t<div class=\"so-widget-headline-subheadline-text\">\n\t\t<div class=\"grid-container padding extrapadding\">\n\t\t\t<div class=\"grid-x grid-padding-x grid-margin-x text-left\">\n\t\t\t\t<div class=\"cell\">\n\t\t\t\t\t<h1>Wohnungen<\/h1>\t\t\t\t\t\t\t\t\t\t\t\t\t\t<\/div>\n\t\t\t<\/div>\n\t\t<\/div>\n\t<\/div>\n<\/div>\n<\/div><\/div><div id=\"panel-1639-0-0-1\" class=\"so-panel widget widget_gyse-wpm-estate-advertisement panel-last-child\" data-index=\"1\" ><div class=\"panel-widget-style panel-widget-style-for-1639-0-0-1\" ><div\n\t\t\t\n\t\t\tclass=\"so-widget-gyse-wpm-estate-advertisement so-widget-gyse-wpm-estate-advertisement-gyse-wpm-estate-advertisement-style-d75171398898-1639\"\n\t\t\t\n\t\t>\n\n<div class=\"gyse-so-widget primary-color\">\n  <div class=\"so-widget-estate-ad\">\n\n              <div class=\"grid-container no-padding\">\n            <div class=\"grid-x grid-margin-x grid-margin-y grid-padding-x\">\n                                    <div class=\"cell small-12 medium-6 large-4\"><div class=\"card\"><img decoding=\"async\" src=\"https:\/\/pictures.immobilienscout24.de\/listings\/60861a39-e96c-4b0d-9ac3-fbabf658fe5c-2011285258.jpg\/ORIG\/legacy_thumbnail\/400x250\/format\/jpg\" \/><div class=\"estate-short-descr\"><h3>Gro\u00dfz\u00fcgige 4-Zimmer-Erdgeschoss-Wohnung in Wetzlar<\/h3><span>Magdalenenh\u00e4user Weg 13, 35578 Wetzlar<\/span><\/div><div class=\"estate-long-descr\"><p>4 ZKB Zimmer<\/p><p>Wohnfl\u00e4che: 124 m<sup>2<\/sup><\/p><p>Mietpreis: 900 Euro<\/p><a href=\"https:\/\/www.immobilienscout24.de\/expose\/166676477#\/\"class=\"button\" target=\"_blank\">Mehr erfahren<\/a><\/div><\/div><\/div>                                        <div class=\"cell small-12 medium-6 large-4\"><div class=\"card\"><img decoding=\"async\" src=\"https:\/\/pictures.immobilienscout24.de\/listings\/986c9af0-200b-4136-83c9-def45918ec31-1998192908.jpg\/ORIG\/legacy_thumbnail\/400x250\/format\/jpg\" \/><div class=\"estate-short-descr\"><h3>Ihre neue gem\u00fctliche 3-Zimmer-Wohnung mit Dachterrasse in Wetzlar<\/h3><span>Magdalenenh\u00e4user Weg 15, 35578 Wetzlar<\/span><\/div><div class=\"estate-long-descr\"><p>3 ZKB Zimmer<\/p><p>Wohnfl\u00e4che: 73 m<sup>2<\/sup><\/p><p>Mietpreis: 700 Euro<\/p><a href=\"https:\/\/www.immobilienscout24.de\/expose\/166057656#\/\"class=\"button\" target=\"_blank\">Mehr erfahren<\/a><\/div><\/div><\/div>                                        <div class=\"cell small-12 medium-6 large-4\"><div class=\"card\"><img decoding=\"async\" src=\"https:\/\/pictures.immobilienscout24.de\/listings\/f5f2b716-872f-4b4b-b7c8-d4c9e1f7aa8b-2005063503.jpeg\/ORIG\/legacy_thumbnail\/400x250\/format\/jpg\" \/><div class=\"estate-short-descr\"><h3>Gepflegte 3-Zimmer-Wohnung mit Dachterrasse in Wetzlar<\/h3><span>Magdalenenh\u00e4user Weg 13, 35578 Wetzlar<\/span><\/div><div class=\"estate-long-descr\"><p>3 ZKB Zimmer<\/p><p>Wohnfl\u00e4che: 72 m<sup>2<\/sup><\/p><p>Mietpreis: 700 Euro<\/p><a href=\"https:\/\/www.immobilienscout24.de\/expose\/166445124#\/\"class=\"button\" target=\"_blank\">Mehr erfahren<\/a><\/div><\/div><\/div>                                        <div class=\"cell small-12 medium-6 large-4\"><div class=\"card\"><img decoding=\"async\" src=\"https:\/\/pictures.immobilienscout24.de\/listings\/d40a2759-43fd-404b-af3a-a4a7577d72cf-1989460973.jpg\/ORIG\/legacy_thumbnail\/400x250\/format\/jpg\" \/><div class=\"estate-short-descr\"><h3>F\u00fcr Studentinnen: Dein neues WG-Zimmer direkt an der Uni Gie\u00dfen!<\/h3><span>Ludwigstra\u00dfe 42, 35390 Gie\u00dfen<\/span><\/div><div class=\"estate-long-descr\"><p>1 ZKB Zimmer<\/p><p>Wohnfl\u00e4che: 24 m<sup>2<\/sup><\/p><p>Mietpreis: 400 Euro<\/p><a href=\"https:\/\/www.immobilienscout24.de\/expose\/165549463#\/\"class=\"button\" target=\"_blank\">Mehr erfahren<\/a><\/div><\/div><\/div>                                        <div class=\"cell small-12 medium-6 large-4\"><div class=\"card\"><img decoding=\"async\" src=\"https:\/\/pictures.immobilienscout24.de\/listings\/0a55f206-43b8-4291-844d-fc7a5b81c953-1989469025.jpg\/ORIG\/legacy_thumbnail\/400x250\/format\/jpg\" \/><div class=\"estate-short-descr\"><h3>\ud83c\udf93 Und das wird dein neues WG-Zimmer direkt an der Uni Gie\u00dfen!<\/h3><span>Ludwigstra\u00dfe 42, 35390 Gie\u00dfen<\/span><\/div><div class=\"estate-long-descr\"><p>1 ZKB Zimmer<\/p><p>Wohnfl\u00e4che: 16 m<sup>2<\/sup><\/p><p>Mietpreis: 300 Euro<\/p><a href=\"https:\/\/www.immobilienscout24.de\/expose\/165550193#\/\"class=\"button\" target=\"_blank\">Mehr erfahren<\/a><\/div><\/div><\/div>                                        <div class=\"cell small-12 medium-6 large-4\"><div class=\"card\"><img decoding=\"async\" src=\"https:\/\/pictures.immobilienscout24.de\/listings\/a08d74a7-c6ed-4792-aa17-4c479a8b05fb-1928813171.jpg\/ORIG\/legacy_thumbnail\/400x250\/format\/jpg\" \/><div class=\"estate-short-descr\"><h3>\ud83c\udf93 Studis aufgepasst: Dein neues WG-Zimmer direkt an der Uni Gie\u00dfen!<\/h3><span>Ludwigstra\u00dfe 42, 35390 Gie\u00dfen<\/span><\/div><div class=\"estate-long-descr\"><p>1 ZKB Zimmer<\/p><p>Wohnfl\u00e4che: 18 m<sup>2<\/sup><\/p><p>Mietpreis: 300 Euro<\/p><a href=\"https:\/\/www.immobilienscout24.de\/expose\/149346435#\/\"class=\"button\" target=\"_blank\">Mehr erfahren<\/a><\/div><\/div><\/div>                                <div class=\"cell small-12 medium-6 large-4 no-border\"><\/div>            <\/div>\n          <\/div>\n            <\/div>\n<\/div>\n<\/div><\/div><\/div><\/div><\/div><\/div>","protected":false},"excerpt":{"rendered":"<p>Wohnungen Gro\u00dfz\u00fcgige 4-Zimmer-Erdgeschoss-Wohnung in WetzlarMagdalenenh\u00e4user Weg 13, 35578 Wetzlar4 ZKB ZimmerWohnfl\u00e4che: 124 m2Mietpreis: 900 EuroMehr erfahren Ihre neue gem\u00fctliche 3-Zimmer-Wohnung mit Dachterrasse in WetzlarMagdalenenh\u00e4user Weg 15, 35578 Wetzlar3 ZKB ZimmerWohnfl\u00e4che: 73 m2Mietpreis: 700 EuroMehr erfahren Gepflegte 3-Zimmer-Wohnung mit Dachterrasse in WetzlarMagdalenenh\u00e4user Weg 13, 35578 Wetzlar3 ZKB ZimmerWohnfl\u00e4che: 72 m2Mietpreis: 700 EuroMehr erfahren F\u00fcr Studentinnen: Dein [&hellip;]<\/p>\n","protected":false},"author":1,"featured_media":2605,"parent":1349,"menu_order":0,"comment_status":"closed","ping_status":"closed","template":"page-templates\/page-full-width.php","meta":{"_acf_changed":false,"footnotes":""},"class_list":["post-1639","page","type-page","status-publish","has-post-thumbnail","hentry"],"acf":[],"aioseo_notices":[],"_links":{"self":[{"href":"https:\/\/www.dechertbluemig.de\/index.php\/wp-json\/wp\/v2\/pages\/1639","targetHints":{"allow":["GET"]}}],"collection":[{"href":"https:\/\/www.dechertbluemig.de\/index.php\/wp-json\/wp\/v2\/pages"}],"about":[{"href":"https:\/\/www.dechertbluemig.de\/index.php\/wp-json\/wp\/v2\/types\/page"}],"author":[{"embeddable":true,"href":"https:\/\/www.dechertbluemig.de\/index.php\/wp-json\/wp\/v2\/users\/1"}],"replies":[{"embeddable":true,"href":"https:\/\/www.dechertbluemig.de\/index.php\/wp-json\/wp\/v2\/comments?post=1639"}],"version-history":[{"count":86,"href":"https:\/\/www.dechertbluemig.de\/index.php\/wp-json\/wp\/v2\/pages\/1639\/revisions"}],"predecessor-version":[{"id":2561,"href":"https:\/\/www.dechertbluemig.de\/index.php\/wp-json\/wp\/v2\/pages\/1639\/revisions\/2561"}],"up":[{"embeddable":true,"href":"https:\/\/www.dechertbluemig.de\/index.php\/wp-json\/wp\/v2\/pages\/1349"}],"wp:featuredmedia":[{"embeddable":true,"href":"https:\/\/www.dechertbluemig.de\/index.php\/wp-json\/wp\/v2\/media\/2605"}],"wp:attachment":[{"href":"https:\/\/www.dechertbluemig.de\/index.php\/wp-json\/wp\/v2\/media?parent=1639"}],"curies":[{"name":"wp","href":"https:\/\/api.w.org\/{rel}","templated":true}]}}