{"id":1696,"date":"2018-06-18T10:28:36","date_gmt":"2018-06-18T08:28:36","guid":{"rendered":"http:\/\/localhost\/Bitbucket\/dechert_bluemig\/?page_id=1696"},"modified":"2019-02-25T08:00:53","modified_gmt":"2019-02-25T07:00:53","slug":"immobilien-verkaufen","status":"publish","type":"page","link":"https:\/\/www.dechertbluemig.de\/index.php\/verkaufen\/immobilien-verkaufen\/","title":{"rendered":"Immobilien verkaufen"},"content":{"rendered":"<div id=\"pl-1696\"  class=\"panel-layout\" ><div id=\"pg-1696-0\"  class=\"panel-grid panel-no-style\" ><div id=\"pgc-1696-0-0\"  class=\"panel-grid-cell\" ><div id=\"panel-1696-0-0-0\" class=\"so-panel widget widget_gyse-wpm-headline-subheadline-text panel-first-child\" data-index=\"0\" ><div\n\t\t\t\n\t\t\tclass=\"so-widget-gyse-wpm-headline-subheadline-text so-widget-gyse-wpm-headline-subheadline-text-gyse-wpm-headline-subheadline-text-style-d75171398898-1696\"\n\t\t\t\n\t\t><div class=\"gyse-so-widget primary-color\">\n\t<div class=\"so-widget-headline-subheadline-text\">\n\t\t<div class=\"grid-container padding extrapadding\">\n\t\t\t<div class=\"grid-x grid-padding-x grid-margin-x text-left\">\n\t\t\t\t<div class=\"cell\">\n\t\t\t\t\t<h1>Immobilien verkaufen<\/h1>\t\t\t\t\t<h2>Wir unterst\u00fctzen Sie<\/h2>\t\t\t\t\t<p>Beim Verkauf Ihrer Immobilien stellen sich viel Fragen. Wir haben die Antworten darauf!<\/p>\n<p>Von einer realistischen Einsch\u00e4tzung des Preises Ihrer Immobilie bis hin zur Vertragsabwicklung unterst\u00fctzen wir Sie auf Wunsch bei allen Phasen des Verkaufsprozesses.<\/p>\n\t\t\t\t<\/div>\n\t\t\t<\/div>\n\t\t<\/div>\n\t<\/div>\n<\/div>\n<\/div><\/div><div id=\"panel-1696-0-0-1\" class=\"so-panel widget widget_gyse-wpm-report-form panel-last-child\" data-index=\"1\" ><div\n\t\t\t\n\t\t\tclass=\"so-widget-gyse-wpm-report-form so-widget-gyse-wpm-report-form-gyse-wpm-report-form-style-d75171398898-1696\"\n\t\t\t\n\t\t>\n<!-- Create Dropzone https:\/\/stackoverflow.com\/questions\/17872417\/integrating-dropzone-js-into-existing-html-form-with-other-fields -->\n<div class=\"gyse-so-widget primary-color\">\n    <div class=\"so-widget-report-form\">\n            <div class=\"grid-container \">\n                <form id=\"reportForm\" data-abide=\"ajax\" novalidate>\n                    <div class=\"grid-x grid-margin-x grid-padding-x\">\n                        <!-- Linke Spalte -->\n                        <div class=\"cell small-12 medium-6\">\n                            <div class=\"grid-x grid-margin-x\">\n                                <div class=\"medium-6 cell\">\n                                    <label>Vorname*\n                                        <input name=\"forenameReport\" id=\"forenameReport\" type=\"text\" placeholder=\"Vorname\" required>\n                                    <\/label>\n                                <\/div>\n                                <div class=\"medium-6 cell\">\n                                    <label>Nachname*\n                                        <input name=\"surnameReport\" id=\"surnameReport\"  type=\"text\" placeholder=\"Nachname\" required>\n                                    <\/label>\n                                <\/div>\n                                <div class=\"medium-12 cell\">\n                                    <label>Adresse*\n                                        <input name=\"adressReport\" id=\"adressReport\"  type=\"text\" placeholder=\"Adresse\" required>\n                                    <\/label>\n                                <\/div>\n                            <\/div>\n                            <div class=\"grid-x grid-margin-x\">\n                                <div class=\"medium-6 cell\">\n                                    <label>PLZ*\n                                        <input name=\"plzReport\" id=\"plzReport\"  type=\"text\" placeholder=\"Postleitzahl\" required pattern=\"number\">\n                                    <\/label>\n                                <\/div>\n                                <div class=\"medium-6 cell\">\n                                    <label>Ort*\n                                        <input name=\"cityReport\" id=\"cityReport\"  type=\"text\" placeholder=\"Ort\" required>\n                                    <\/label>\n                                <\/div>\n                            <\/div>\n                            <div class=\"grid-x grid-margin-x\">\n                                <div class=\"medium-12 cell\">\n                                    <label>Telefon*\n                                        <input name=\"phoneReport\" id=\"phoneReport\"  type=\"text\" placeholder=\"Telefonnummer\" required>\n                                    <\/label>\n                                <\/div>\n                                <div class=\"medium-12 cell\">\n                                    <label>E-Mail*\n                                        <input name=\"mailReport\" id=\"mailReport\"  type=\"text\" placeholder=\"E-Mail Adresse\" required pattern=\"email\">\n                                    <\/label>\n                                <\/div>\n                            <\/div>\n                        <\/div>\n\n                        <!-- Rechte Spalte -->\n                        <div class=\"cell small-12 medium-6\">\n                            <div class=\"medium-12 cell\">\n                                <label>Ihre Nachricht*\n                                    <textarea name=\"messageReport\" id=\"messageReport\"  rows=\"6\" placeholder=\"Ihre Nachricht\" style=\"height: 350px; resize: none;\" required><\/textarea>\n                                <\/label>\n                            <\/div>                        <\/div>\n                    <\/div>\n                    <div class=\"grid-x grid-margin-x grid-padding-x\">\n                        <div class=\"cell\">\n                            <div class=\"callout secondary maxfilesreached\" style=\"display: none;\">\n                                <h5>Info<\/h5>\n                                <p>Sie haben die maximale Anzahl an Bildern erreicht.<\/p>\n                            <\/div>\n                            <div class=\"dropzone\" id=\"myDropzone\"><\/div>\n    <!--                         <form id=\"upload\" action=\"https:\/\/www.dechertbluemig.de\/wp-content\/themes\/gyse_wp_master\/src\/assets\/php\/sendForm.php\" class=\"dropzone\">\n                                <div class=\"dz-message\">\n                                    Bitte Fotos hier hineinziehen oder klicken\n                                <\/div>\n                            <\/form> -->\n                        <\/div>\n                        <div class=\"cell\">\n                            <label id=\"einwilligung\" class=\"small-12 mrt1 text-left\">\n                                <input id=\"einwilligung_check\" type=\"checkbox\" value=\"1\" required>\n                                <p class=\"einwilligungtext\" for=\"einwilligung\">Ich stimme zu, dass meine Angaben aus dem Kontaktformular zur Beantwortung meiner Anfrage erhoben und verarbeitet werden. Die Daten werden nach abgeschlossener Bearbeitung Ihrer Anfrage gel\u00f6scht. Hinweis: Sie k\u00f6nnen Ihre Einwilligung jederzeit f\u00fcr die Zukunft per E-Mail an immobilienverwaltung@dechert-bluemig.de widerrufen. Detaillierte Informationen zum Umgang mit Nutzerdaten finden Sie in unserer <a href='https:\/\/www.dechertbluemig.de\/index.php\/impressum-datenschutz\/'>Datenschutzerkl\u00e4rung<\/a> \n                                <\/p>\n                            <\/label>\n                        <\/div>\n                        <div class=\"cell\">\n                            <input type=\"submit\" class=\"button\" value=\"Absenden\">\n                        <\/div>\n                        <div id=\"messageFailed\" class=\"grid-x callout alert text-center\" style=\"display:none;\">\n                            <div class=\"small-12\">Ihre Nachricht konnte leider nicht gesendet werden!<\/div>\n                        <\/div>\n                        <div class=\"cell small-12\">\n                            <div id=\"messageSent\" class=\"callout success text-center\" style=\"display: none;\">\n                            Ihre Nachricht wurde erfolgreich versendet!\n                          <\/div>\n                        <\/div>\n                        <div class=\"cell small-12\">\n                            <div data-abide-error class=\"alert callout text-center\" style=\"display: none;\">\n                                <p><i class=\"fi-alert\"><\/i> BITTE F\u00dcLLEN SIE ALLE PFLICHTFELDER AUS.<\/p> \n                            <\/div>\n                        <\/div>\n                        <div class=\"cell small-12\">\n                            <div id=\"progressBar\" class=\"progress\" role=\"progressbar\" tabindex=\"0\" aria-valuenow=\"0\" aria-valuemin=\"0\" aria-valuemax=\"100\" aria-valuetext=\"0%\" style=\"display:none;\">\n                                <div id=\"progressBarMeter\" class=\"progress-meter\"><p id=\"progressBarMeterText\" class=\"progress-meter-text\"><\/p><\/div>\n                            <\/div>\n                        <\/div>\n                    <\/div>\n                <\/form>\n            <\/div>\n    <\/div>\n<\/div><\/div><\/div><\/div><\/div><\/div>","protected":false},"excerpt":{"rendered":"<p>Immobilien verkaufen Wir unterst\u00fctzen Sie Beim Verkauf Ihrer Immobilien stellen sich viel Fragen. Wir haben die Antworten darauf! Von einer realistischen Einsch\u00e4tzung des Preises Ihrer Immobilie bis hin zur Vertragsabwicklung unterst\u00fctzen wir Sie auf Wunsch bei allen Phasen des Verkaufsprozesses. Vorname* Nachname* Adresse* PLZ* Ort* Telefon* E-Mail* Ihre Nachricht* Info Sie haben die maximale Anzahl [&hellip;]<\/p>\n","protected":false},"author":1,"featured_media":2638,"parent":1347,"menu_order":0,"comment_status":"closed","ping_status":"closed","template":"page-templates\/page-full-width.php","meta":{"_acf_changed":false,"footnotes":""},"class_list":["post-1696","page","type-page","status-publish","has-post-thumbnail","hentry"],"acf":[],"aioseo_notices":[],"_links":{"self":[{"href":"https:\/\/www.dechertbluemig.de\/index.php\/wp-json\/wp\/v2\/pages\/1696","targetHints":{"allow":["GET"]}}],"collection":[{"href":"https:\/\/www.dechertbluemig.de\/index.php\/wp-json\/wp\/v2\/pages"}],"about":[{"href":"https:\/\/www.dechertbluemig.de\/index.php\/wp-json\/wp\/v2\/types\/page"}],"author":[{"embeddable":true,"href":"https:\/\/www.dechertbluemig.de\/index.php\/wp-json\/wp\/v2\/users\/1"}],"replies":[{"embeddable":true,"href":"https:\/\/www.dechertbluemig.de\/index.php\/wp-json\/wp\/v2\/comments?post=1696"}],"version-history":[{"count":23,"href":"https:\/\/www.dechertbluemig.de\/index.php\/wp-json\/wp\/v2\/pages\/1696\/revisions"}],"predecessor-version":[{"id":2671,"href":"https:\/\/www.dechertbluemig.de\/index.php\/wp-json\/wp\/v2\/pages\/1696\/revisions\/2671"}],"up":[{"embeddable":true,"href":"https:\/\/www.dechertbluemig.de\/index.php\/wp-json\/wp\/v2\/pages\/1347"}],"wp:featuredmedia":[{"embeddable":true,"href":"https:\/\/www.dechertbluemig.de\/index.php\/wp-json\/wp\/v2\/media\/2638"}],"wp:attachment":[{"href":"https:\/\/www.dechertbluemig.de\/index.php\/wp-json\/wp\/v2\/media?parent=1696"}],"curies":[{"name":"wp","href":"https:\/\/api.w.org\/{rel}","templated":true}]}}