{"id":2114,"date":"2018-07-13T14:58:58","date_gmt":"2018-07-13T12:58:58","guid":{"rendered":"http:\/\/18.185.99.80\/dechert\/?page_id=2114"},"modified":"2019-02-25T10:50:55","modified_gmt":"2019-02-25T09:50:55","slug":"ueber-uns","status":"publish","type":"page","link":"https:\/\/www.dechertbluemig.de\/index.php\/unternehmen\/ueber-uns\/","title":{"rendered":"\u00dcber uns"},"content":{"rendered":"<div id=\"pl-2114\"  class=\"panel-layout\" ><div id=\"pg-2114-0\"  class=\"panel-grid panel-no-style\" ><div id=\"pgc-2114-0-0\"  class=\"panel-grid-cell\" ><div id=\"panel-2114-0-0-0\" class=\"so-panel widget widget_gyse-wpm-headline-subheadline-text panel-first-child\" data-index=\"0\" ><div\n\t\t\t\n\t\t\tclass=\"so-widget-gyse-wpm-headline-subheadline-text so-widget-gyse-wpm-headline-subheadline-text-gyse-wpm-headline-subheadline-text-style-d75171398898-2114\"\n\t\t\t\n\t\t><div class=\"gyse-so-widget primary-color\">\n\t<div class=\"so-widget-headline-subheadline-text\">\n\t\t<div class=\"grid-container padding extrapadding\">\n\t\t\t<div class=\"grid-x grid-padding-x grid-margin-x text-left\">\n\t\t\t\t<div class=\"cell\">\n\t\t\t\t\t<h1>Unser Handeln hat eine Basis: <\/h1>\t\t\t\t\t<h2>IHR VERTRAUEN<\/h2>\t\t\t\t\t\t\t\t\t<\/div>\n\t\t\t<\/div>\n\t\t<\/div>\n\t<\/div>\n<\/div>\n<\/div><\/div><div id=\"panel-2114-0-0-1\" class=\"so-panel widget widget_gyse-wpm-headline-subheadline-text panel-last-child\" data-index=\"1\" ><div\n\t\t\t\n\t\t\tclass=\"so-widget-gyse-wpm-headline-subheadline-text so-widget-gyse-wpm-headline-subheadline-text-gyse-wpm-headline-subheadline-text-style-d75171398898-2114\"\n\t\t\t\n\t\t><div class=\"gyse-so-widget primary-color\">\n\t<div class=\"so-widget-headline-subheadline-text\">\n\t\t<div class=\"grid-container no-padding \">\n\t\t\t<div class=\"grid-x grid-padding-x grid-margin-x text-left\">\n\t\t\t\t<div class=\"cell\">\n\t\t\t\t\t\t\t\t\t\t\t\t\t\t\t<strong>Ihre vertrauten Ansprechpartner<\/strong><br \/>\nWir setzen deshalb schon immer auf eine vertrauensvolle und zuverl\u00e4ssige Arbeitsweise mit unseren Kunden. Denn nur so konnten wir unsere langj\u00e4hrigen Kundenbindungen aufbauen. Dabei setzen wir auch auf die pers\u00f6nliche Betreuung durch unsere Gesch\u00e4ftsf\u00fchrer.\n<br \/><br \/>\n<strong>Ihre Zufriedenheit liegt uns am Herzen<\/strong><br \/>\nWir bieten Ihnen eine auf Ihre W\u00fcnsche hin abgestimmte und sachkundige Verwaltungsleistung. Dies durch die Erfahrung und gute Ausbildung der Gesch\u00e4ftsf\u00fchrer und Mitarbeiter, die immer flexibel und engagiert auf Ihre W\u00fcnsche reagieren werden. Uns das zu fairen und transparenten Konditionen. \n<br \/><br \/>\n<strong>Ihre Immobilie in guten H\u00e4nden<\/strong><br \/>\nWir sorgen f\u00fcr eine qualitativ hochwertige Leistungserbringung in allen Bereichen der Hausverwaltung - durch unser exzellentes Netzwerk von kompetenten Dienstleistern (wie z.B. Hausmeisterservice, Fachingenieure und Handwerker). Wir kennen die Region und wissen, mit wem wir reden m\u00fcssen. Ein klarer Vorteil f\u00fcr Sie. Ganz gleich, um welches Anliegen es sich handelt.\t\t\t\t<\/div>\n\t\t\t<\/div>\n\t\t<\/div>\n\t<\/div>\n<\/div>\n<\/div><\/div><\/div><\/div><\/div>","protected":false},"excerpt":{"rendered":"<p>Unser Handeln hat eine Basis: IHR VERTRAUEN Ihre vertrauten Ansprechpartner Wir setzen deshalb schon immer auf eine vertrauensvolle und zuverl\u00e4ssige Arbeitsweise mit unseren Kunden. Denn nur so konnten wir unsere langj\u00e4hrigen Kundenbindungen aufbauen. Dabei setzen wir auch auf die pers\u00f6nliche Betreuung durch unsere Gesch\u00e4ftsf\u00fchrer. Ihre Zufriedenheit liegt uns am Herzen Wir bieten Ihnen eine auf [&hellip;]<\/p>\n","protected":false},"author":1,"featured_media":2653,"parent":1074,"menu_order":0,"comment_status":"closed","ping_status":"closed","template":"page-templates\/page-full-width.php","meta":{"_acf_changed":false,"footnotes":""},"class_list":["post-2114","page","type-page","status-publish","has-post-thumbnail","hentry"],"acf":[],"aioseo_notices":[],"_links":{"self":[{"href":"https:\/\/www.dechertbluemig.de\/index.php\/wp-json\/wp\/v2\/pages\/2114","targetHints":{"allow":["GET"]}}],"collection":[{"href":"https:\/\/www.dechertbluemig.de\/index.php\/wp-json\/wp\/v2\/pages"}],"about":[{"href":"https:\/\/www.dechertbluemig.de\/index.php\/wp-json\/wp\/v2\/types\/page"}],"author":[{"embeddable":true,"href":"https:\/\/www.dechertbluemig.de\/index.php\/wp-json\/wp\/v2\/users\/1"}],"replies":[{"embeddable":true,"href":"https:\/\/www.dechertbluemig.de\/index.php\/wp-json\/wp\/v2\/comments?post=2114"}],"version-history":[{"count":84,"href":"https:\/\/www.dechertbluemig.de\/index.php\/wp-json\/wp\/v2\/pages\/2114\/revisions"}],"predecessor-version":[{"id":2679,"href":"https:\/\/www.dechertbluemig.de\/index.php\/wp-json\/wp\/v2\/pages\/2114\/revisions\/2679"}],"up":[{"embeddable":true,"href":"https:\/\/www.dechertbluemig.de\/index.php\/wp-json\/wp\/v2\/pages\/1074"}],"wp:featuredmedia":[{"embeddable":true,"href":"https:\/\/www.dechertbluemig.de\/index.php\/wp-json\/wp\/v2\/media\/2653"}],"wp:attachment":[{"href":"https:\/\/www.dechertbluemig.de\/index.php\/wp-json\/wp\/v2\/media?parent=2114"}],"curies":[{"name":"wp","href":"https:\/\/api.w.org\/{rel}","templated":true}]}}